{"id":905,"date":"2023-11-04T21:51:56","date_gmt":"2023-11-05T00:51:56","guid":{"rendered":"https:\/\/naea.website\/?page_id=905"},"modified":"2023-11-07T14:54:05","modified_gmt":"2023-11-07T17:54:05","slug":"programacao-dos-gts","status":"publish","type":"page","link":"https:\/\/naea.website\/index.php\/programacao-dos-gts\/","title":{"rendered":"Programa\u00e7\u00e3o dos GTs"},"content":{"rendered":"\n<p><strong>Programa\u00e7\u00e3o dos GTs<\/strong><\/p>\n\n\n\n<p><strong><a rel=\"noreferrer noopener\" href=\"https:\/\/naea.website\/wp-content\/uploads\/2023\/11\/GT-01-Programacao_site.pdf\" target=\"_blank\">GT 01 \u2013 Sociedade, Urbaniza\u00e7\u00e3o e Estudos Populacionais<\/a><\/strong><br><strong>Coordena\u00e7\u00e3o: Prof. Dr. Silvio Jos\u00e9 de Lima Figueiredo&nbsp;(NAEA\/UFPA)<br><\/strong><\/p>\n\n\n\n<p><strong><a rel=\"noreferrer noopener\" href=\"https:\/\/naea.website\/wp-content\/uploads\/2023\/11\/GT-02-Programacao_site.pdf\" target=\"_blank\">GT02 \u2013 Estado, Institui\u00e7\u00f5es, Planejamento e Pol\u00edticas P\u00fablicas<\/a><\/strong><\/p>\n\n\n\n<p><strong>Coordena\u00e7\u00e3o: Prof. Dr. Durbens Nascimento (NAEA\/UFPA)<\/strong><\/p>\n\n\n\n<p><\/p>\n\n\n\n<p><strong><a href=\"https:\/\/naea.website\/wp-content\/uploads\/2023\/11\/GT-03-Programacao_site.pdf\" target=\"_blank\" rel=\"noreferrer noopener\">GT03 \u2013 Gest\u00e3o de Recursos Naturais<\/a><\/strong><\/p>\n\n\n\n<p><strong>Coordena\u00e7\u00e3o: Prof. Dr. Claudio Fabian Szlafsztein&nbsp;(NAEA\/UFPA)<\/strong><\/p>\n\n\n\n<p><\/p>\n\n\n\n<p><strong><a href=\"https:\/\/naea.website\/wp-content\/uploads\/2023\/11\/GT-04-Programacao_site-1.pdf\" target=\"_blank\" rel=\"noreferrer noopener\">GT04 \u2013\u00a0Gest\u00e3o P\u00fablica para o Desenvolvimento Regional da Amaz\u00f4nia<\/a><\/strong><\/p>\n\n\n\n<p><strong>Coordena\u00e7\u00e3o: Prof. Dr. Adagenor Lobato (NAEA\/UFPA)<\/strong><\/p>\n\n\n\n<p><\/p>\n\n\n\n<p><strong><a href=\"https:\/\/naea.website\/wp-content\/uploads\/2023\/11\/GT-05-Programacao_site.pdf\">GT05 \u2013 Dimens\u00f5es contempor\u00e2neas do agr\u00e1rio e regional amaz\u00f4nico \u2013 tr\u00e2nsitos e valores (bio)econ\u00f4mico-pol\u00edticos na constru\u00e7\u00e3o social de desenvolvimento inclusivo e redistributivo<\/a><\/strong><\/p>\n\n\n\n<p><strong>Coordena\u00e7\u00e3o: Prof<\/strong><sup><strong>a<\/strong><\/sup><strong>&nbsp;Dr<\/strong><sup><strong>a<\/strong><\/sup><strong>&nbsp;Marcela Vecchione-Gon\u00e7alves e Prof Dr. Ricardo The\u00f3philo Folhes<\/strong><\/p>\n\n\n\n<p><\/p>\n\n\n\n<p><strong>Instru\u00e7\u00f5es para apresenta\u00e7\u00f5es orais<\/strong>:<\/p>\n\n\n\n<p>1. O evento n\u00e3o disp\u00f5e de infraestrutura que comportar apresenta\u00e7\u00e3o no formato remoto, logo, todas as apresenta\u00e7\u00f5es de trabalho devem ser feitas de forma presencial.<\/p>\n\n\n\n<p>2. Comunique-nos, o mais breve poss\u00edvel, caso n\u00e3o possa estar presente para apresentar seu trabalho.<\/p>\n\n\n\n<p>2. O tempo de apresenta\u00e7\u00e3o oral est\u00e1 estimado em 10 (dez) minutos, considerando que todos os trabalhos sejam apresentados. A din\u00e2mica de apresenta\u00e7\u00e3o ser\u00e1 ditada pela coordena\u00e7\u00e3o de seu GT.<\/p>\n\n\n\n<p>3. Somente o(a) participante inscrito(a) poder\u00e1 apresentar seu trabalho, ent\u00e3o \u00e9 importante que regularize sua inscri\u00e7\u00e3o, caso n\u00e3o tenha feito ainda.<\/p>\n\n\n\n<p>4. Autores(as) de trabalhos n\u00e3o apresentados n\u00e3o receber\u00e3o certificado de apresenta\u00e7\u00e3o. Os certificados ser\u00e3o enviados por e-mail, no prazo de at\u00e9 10 dias ap\u00f3s o fim do evento.<\/p>\n\n\n\n<p>6. Todas as salas para a apresenta\u00e7\u00e3o oral estar\u00e3o equipadas com projetor e CPU. Caso haja material necess\u00e1rio para a apresenta\u00e7\u00e3o, deve ser salvo em pendrive.&nbsp;Se o(a) apresentador(a) desejar, poder\u00e1 trazer seu notebook,&nbsp;para eventual necessidade, atentando para adaptadores necess\u00e1rios para integra\u00e7\u00e3o entre equipamentos. O Evento n\u00e3o se responsabilizar\u00e1 por qualquer problema na incompatibilidade do sistema usado na apresenta\u00e7\u00e3o com o sistema que a Universidade utiliza.<\/p>\n\n\n\n<p>7. N\u00e3o h\u00e1&nbsp;<em>template<\/em>&nbsp;para composi\u00e7\u00e3o do slide.<\/p>\n\n\n\n<p><\/p>\n","protected":false},"excerpt":{"rendered":"<p>Programa\u00e7\u00e3o dos GTs GT 01 \u2013 Sociedade, Urbaniza\u00e7\u00e3o e Estudos PopulacionaisCoordena\u00e7\u00e3o: Prof. Dr. Silvio Jos\u00e9 de Lima Figueiredo&nbsp;(NAEA\/UFPA) GT02 \u2013 Estado, Institui\u00e7\u00f5es, Planejamento e Pol\u00edticas P\u00fablicas Coordena\u00e7\u00e3o: Prof. Dr. Durbens Nascimento (NAEA\/UFPA) GT03 \u2013 Gest\u00e3o de Recursos Naturais Coordena\u00e7\u00e3o: Prof. Dr. Claudio Fabian Szlafsztein&nbsp;(NAEA\/UFPA) GT04 \u2013\u00a0Gest\u00e3o P\u00fablica para o Desenvolvimento Regional da Amaz\u00f4nia Coordena\u00e7\u00e3o: Prof.<span class=\"post-excerpt-end\">&hellip;<\/span><\/p>\n<p class=\"more-link\"><a href=\"https:\/\/naea.website\/index.php\/programacao-dos-gts\/\" class=\"themebutton\">Ler mais<\/a><\/p>\n","protected":false},"author":1,"featured_media":0,"parent":0,"menu_order":0,"comment_status":"closed","ping_status":"closed","template":"","meta":{"footnotes":""},"_links":{"self":[{"href":"https:\/\/naea.website\/index.php\/wp-json\/wp\/v2\/pages\/905"}],"collection":[{"href":"https:\/\/naea.website\/index.php\/wp-json\/wp\/v2\/pages"}],"about":[{"href":"https:\/\/naea.website\/index.php\/wp-json\/wp\/v2\/types\/page"}],"author":[{"embeddable":true,"href":"https:\/\/naea.website\/index.php\/wp-json\/wp\/v2\/users\/1"}],"replies":[{"embeddable":true,"href":"https:\/\/naea.website\/index.php\/wp-json\/wp\/v2\/comments?post=905"}],"version-history":[{"count":8,"href":"https:\/\/naea.website\/index.php\/wp-json\/wp\/v2\/pages\/905\/revisions"}],"predecessor-version":[{"id":934,"href":"https:\/\/naea.website\/index.php\/wp-json\/wp\/v2\/pages\/905\/revisions\/934"}],"wp:attachment":[{"href":"https:\/\/naea.website\/index.php\/wp-json\/wp\/v2\/media?parent=905"}],"curies":[{"name":"wp","href":"https:\/\/api.w.org\/{rel}","templated":true}]}}