{"id":815,"date":"2023-10-20T17:37:14","date_gmt":"2023-10-20T20:37:14","guid":{"rendered":"https:\/\/naea.website\/?page_id=815"},"modified":"2023-10-20T18:25:46","modified_gmt":"2023-10-20T21:25:46","slug":"resultados-por-gt","status":"publish","type":"page","link":"https:\/\/naea.website\/index.php\/resultados-por-gt\/","title":{"rendered":"Resultados por GT"},"content":{"rendered":"\n<p><a href=\"https:\/\/naea.website\/wp-content\/uploads\/2023\/10\/GT-01-RESULTADO-FINAL_ComunicaA\u00a7Ao-Oral.pdf\" target=\"_blank\" rel=\"noreferrer noopener\">GT 01 \u2013 Sociedade, Urbaniza\u00e7\u00e3o e Estudos Populacionais<\/a><br><a href=\"https:\/\/naea.website\/wp-content\/uploads\/2023\/10\/GT-02-RESULTADO-FINAL_ComunicaA\u00a7Ao-Oral.pdf\" target=\"_blank\" rel=\"noreferrer noopener\">GT02 \u2013 Estado, Institui\u00e7\u00f5es, Planejamento e Pol\u00edticas P\u00fablicas<\/a><br><a href=\"https:\/\/naea.website\/wp-content\/uploads\/2023\/10\/GT-03-RESULTADO-FINAL_ComunicaA\u00a7Ao-Oral.pdf\" target=\"_blank\" rel=\"noreferrer noopener\">GT03 \u2013 Gest\u00e3o de Recursos Naturais<\/a><br><a href=\"https:\/\/naea.website\/wp-content\/uploads\/2023\/10\/GT-04-RESULTADO-FINAL_ComunicaA\u00a7Ao-Oral.pdf\" target=\"_blank\" rel=\"noreferrer noopener\">GT04 \u2013 Gest\u00e3o P\u00fablica para o Desenvolvimento Regional da Amaz\u00f4nia<\/a><br><a href=\"https:\/\/naea.website\/wp-content\/uploads\/2023\/10\/GT-05-RESULTADO-FINAL_ComunicaA\u00a7Ao-Oral.pdf\" target=\"_blank\" rel=\"noreferrer noopener\">GT05 \u2013 Dimens\u00f5es contempor\u00e2neas do agr\u00e1rio e regional amaz\u00f4nico \u2013 tr\u00e2nsitos e valores (bio)econ\u00f4mico-pol\u00edticos na constru\u00e7\u00e3o social de desenvolvimento inclusivo e redistributivo<\/a><\/p>\n","protected":false},"excerpt":{"rendered":"<p>GT 01 \u2013 Sociedade, Urbaniza\u00e7\u00e3o e Estudos PopulacionaisGT02 \u2013 Estado, Institui\u00e7\u00f5es, Planejamento e Pol\u00edticas P\u00fablicasGT03 \u2013 Gest\u00e3o de Recursos NaturaisGT04 \u2013 Gest\u00e3o P\u00fablica para o Desenvolvimento Regional da Amaz\u00f4niaGT05 \u2013 Dimens\u00f5es contempor\u00e2neas do agr\u00e1rio e regional amaz\u00f4nico \u2013 tr\u00e2nsitos e valores (bio)econ\u00f4mico-pol\u00edticos na constru\u00e7\u00e3o social de desenvolvimento inclusivo e redistributivo<\/p>\n","protected":false},"author":1,"featured_media":0,"parent":0,"menu_order":0,"comment_status":"closed","ping_status":"closed","template":"","meta":{"footnotes":""},"_links":{"self":[{"href":"https:\/\/naea.website\/index.php\/wp-json\/wp\/v2\/pages\/815"}],"collection":[{"href":"https:\/\/naea.website\/index.php\/wp-json\/wp\/v2\/pages"}],"about":[{"href":"https:\/\/naea.website\/index.php\/wp-json\/wp\/v2\/types\/page"}],"author":[{"embeddable":true,"href":"https:\/\/naea.website\/index.php\/wp-json\/wp\/v2\/users\/1"}],"replies":[{"embeddable":true,"href":"https:\/\/naea.website\/index.php\/wp-json\/wp\/v2\/comments?post=815"}],"version-history":[{"count":2,"href":"https:\/\/naea.website\/index.php\/wp-json\/wp\/v2\/pages\/815\/revisions"}],"predecessor-version":[{"id":836,"href":"https:\/\/naea.website\/index.php\/wp-json\/wp\/v2\/pages\/815\/revisions\/836"}],"wp:attachment":[{"href":"https:\/\/naea.website\/index.php\/wp-json\/wp\/v2\/media?parent=815"}],"curies":[{"name":"wp","href":"https:\/\/api.w.org\/{rel}","templated":true}]}}