{"id":803,"date":"2023-10-20T17:23:26","date_gmt":"2023-10-20T20:23:26","guid":{"rendered":"https:\/\/naea.website\/?page_id=803"},"modified":"2023-10-20T17:44:58","modified_gmt":"2023-10-20T20:44:58","slug":"resultado-comunicacao-oral","status":"publish","type":"page","link":"https:\/\/naea.website\/index.php\/resultado-comunicacao-oral\/","title":{"rendered":"Resultado Comunica\u00e7\u00e3o Oral"},"content":{"rendered":"\n<p>A comiss\u00e3o organizadora do&nbsp;III <\/p>\n\n\n\n<p>Simp\u00f3sio Internacional \u2013 Interdisciplinaridade, Sustentabilidade e Desenvolvimento torna p\u00fablico o resultado dos trabalhos aprovados para a sess\u00e3o de&nbsp;Comunica\u00e7\u00e3o Oral.<\/p>\n\n\n\n<p>Para acessar o resultado clique <a href=\"https:\/\/naea.website\/index.php\/resultados-por-gt\/\" target=\"_blank\" rel=\"noreferrer noopener\">AQUI<\/a>.<\/p>\n","protected":false},"excerpt":{"rendered":"<p>A comiss\u00e3o organizadora do&nbsp;III Simp\u00f3sio Internacional \u2013 Interdisciplinaridade, Sustentabilidade e Desenvolvimento torna p\u00fablico o resultado dos trabalhos aprovados para a sess\u00e3o de&nbsp;Comunica\u00e7\u00e3o Oral. Para acessar o resultado clique AQUI.<\/p>\n","protected":false},"author":1,"featured_media":0,"parent":0,"menu_order":0,"comment_status":"closed","ping_status":"closed","template":"","meta":{"footnotes":""},"_links":{"self":[{"href":"https:\/\/naea.website\/index.php\/wp-json\/wp\/v2\/pages\/803"}],"collection":[{"href":"https:\/\/naea.website\/index.php\/wp-json\/wp\/v2\/pages"}],"about":[{"href":"https:\/\/naea.website\/index.php\/wp-json\/wp\/v2\/types\/page"}],"author":[{"embeddable":true,"href":"https:\/\/naea.website\/index.php\/wp-json\/wp\/v2\/users\/1"}],"replies":[{"embeddable":true,"href":"https:\/\/naea.website\/index.php\/wp-json\/wp\/v2\/comments?post=803"}],"version-history":[{"count":5,"href":"https:\/\/naea.website\/index.php\/wp-json\/wp\/v2\/pages\/803\/revisions"}],"predecessor-version":[{"id":819,"href":"https:\/\/naea.website\/index.php\/wp-json\/wp\/v2\/pages\/803\/revisions\/819"}],"wp:attachment":[{"href":"https:\/\/naea.website\/index.php\/wp-json\/wp\/v2\/media?parent=803"}],"curies":[{"name":"wp","href":"https:\/\/api.w.org\/{rel}","templated":true}]}}