{"id":669,"date":"2023-09-20T23:29:20","date_gmt":"2023-09-21T02:29:20","guid":{"rendered":"https:\/\/naea.website\/?page_id=669"},"modified":"2023-10-31T18:25:00","modified_gmt":"2023-10-31T21:25:00","slug":"normas-de-submissao-de-poster","status":"publish","type":"page","link":"https:\/\/naea.website\/index.php\/normas-de-submissao-de-poster\/","title":{"rendered":"Normas de Submiss\u00e3o de P\u00f4ster"},"content":{"rendered":"\n<p><strong>Os Resumos SIMPLES devem ser apresentados em:<\/strong><\/p>\n\n\n\n<p>\u2022&nbsp;Programa Word for Windows;<\/p>\n\n\n\n<p>\u2022&nbsp;Fonte: Times New Roman, tamanho 12;<\/p>\n\n\n\n<p>\u2022&nbsp;Margem superior e inferior com 2,5 cm;<\/p>\n\n\n\n<p>\u2022&nbsp;Margem esquerda e direita com 3 cm;<\/p>\n\n\n\n<p>\u2022&nbsp;Espa\u00e7amento entre linhas de 1,5 cm;<\/p>\n\n\n\n<p>\u2022&nbsp;Alinhamento: Justificado.<\/p>\n\n\n\n<p><strong>O resumo simples dever\u00e1 ser encaminhado contendo:<\/strong><\/p>\n\n\n\n<p>\u2022&nbsp;O resumo simples deve conter no m\u00ednimo de 200 e m\u00e1ximo de 250 palavras; n\u00e3o constar cita\u00e7\u00f5es, tabelas, gr\u00e1ficos, figuras ou refer\u00eancias bibliogr\u00e1ficas;&nbsp;<\/p>\n\n\n\n<p>\u2022&nbsp;O texto deve abranger de forma breve e concreta informa\u00e7\u00f5es sobre o Objeto do trabalho acad\u00eamico, Objetivos, Metodologia, Resultados, Conclus\u00f5es do trabalho;<\/p>\n\n\n\n<p>\u2022&nbsp;T\u00edtulo: fonte tamanho 12, em negrito, centralizado;<\/p>\n\n\n\n<p>\u2022&nbsp;Indica\u00e7\u00e3o do Grupo de Trabalho: fonte tamanho 12, em negrito, centralizado;<\/p>\n\n\n\n<p>\u2022&nbsp;Nome completo e sem abreviaturas do(s) autor(es); fonte tamanho 12, centralizado;<\/p>\n\n\n\n<p>\u2022&nbsp;Identifica\u00e7\u00e3o em rodap\u00e9 dos dados relativos ao(s) autor(es) \u2013 titula\u00e7\u00e3o acad\u00eamica, institui\u00e7\u00e3o, e-mail; fonte tamanho 11, justificado.<\/p>\n\n\n\n<p>\u2022&nbsp;Indica\u00e7\u00e3o de 3 palavras-chave;<\/p>\n\n\n\n<p>\u2022&nbsp;Casos omissos, observar as&nbsp;<strong>normas novas&nbsp;<\/strong>(NBR 10520:2023) vigentes da Associa\u00e7\u00e3o Brasileira de Normas T\u00e9cnicas (ABNT) ou entre em contato pelo e-mail:&nbsp;<a href=\"mailto:posteres.naea50anos@gmail.com\">posteres.naea50anos@gmail.com<\/a>.<\/p>\n\n\n\n<p>Autor(es) devem, obrigatoriamente, utilizar o&nbsp;templatedispon\u00edvel&nbsp;abaixo para submeter o seu trabalho.<\/p>\n\n\n\n<p>Nome do arquivo&nbsp;<strong>COM<\/strong>&nbsp;identifica\u00e7\u00e3o: NOME DO TRABALHO.doc<br><a href=\"https:\/\/naea.website\/wp-content\/uploads\/2023\/09\/Templater-POSTER.docx\" target=\"_blank\" rel=\"noreferrer noopener\">Baixe o Arquivo Aqui<\/a> (COM identifica\u00e7\u00e3o)<\/p>\n\n\n\n<p><strong>Sobre autoria<\/strong><strong>:<\/strong><\/p>\n\n\n\n<p>\u2022&nbsp;Cada trabalho poder\u00e1 ter at\u00e9 4 autores<\/p>\n\n\n\n<p>\u2022&nbsp;Um autor poder\u00e1 ter seu nome em at\u00e9 tr\u00eas trabalhos, mas dever\u00e1 constar como primeiro autor em apenas um.<\/p>\n\n\n\n<p>\u2022&nbsp;Antes de enviar o resumo o(a) autor(a) deve realizar revis\u00e3o do trabalho (gramatical, ortogr\u00e1fica, de digita\u00e7\u00e3o e de conte\u00fado), sob pena de recusa do mesmo.<\/p>\n\n\n\n<p><strong>Submiss\u00e3o<\/strong><\/p>\n\n\n\n<p>A comiss\u00e3o organizadora solicita que a orienta\u00e7\u00f5es abaixo sejam rigorosamente observadas.<\/p>\n\n\n\n<p>A submiss\u00e3o ser\u00e1 realizada, at\u00e9 06\/10,&nbsp;exclusivamente pelo e-mail a seguir:&nbsp;<a href=\"mailto:posteres.naea50anos@gmail.com\">posteres.naea50anos@gmail.com<\/a>.<\/p>\n\n\n\n<p>No e-mail, no item Assunto, insira o nome do Grupo de Trabalho (GT) para o qual o resumo est\u00e1 sendo enviado.<\/p>\n\n\n\n<p>No ato do envio do resumo o(a) autor(a) respons\u00e1vel pela submiss\u00e3o deve obrigatoriamente indicar no corpo do e-mail:<\/p>\n\n\n\n<p>\u2022 Nome do GT para o qual est\u00e1 submetendo sua proposta;<\/p>\n\n\n\n<p>\u2022&nbsp;T\u00edtulo&nbsp;do trabalho;<\/p>\n\n\n\n<p>\u2022 Respons\u00e1veis pela autoria do resumo,&nbsp;respectivas institui\u00e7\u00f5es e e-mails.<\/p>\n\n\n\n<p><br><strong>Resultado<\/strong><\/p>\n\n\n\n<p>Os trabalhos selecionados ser\u00e3o divulgados na p\u00e1gina do evento ou via e-mail&nbsp;at\u00e9 10\/10, conforme cronograma.<\/p>\n\n\n\n<p><strong>Apresenta\u00e7\u00e3o<\/strong><\/p>\n\n\n\n<p>A sess\u00e3o de p\u00f4steres \u00e9 destinada a estudantes de gradua\u00e7\u00e3o.<\/p>\n\n\n\n<p>Acesse <a href=\"https:\/\/naea.website\/wp-content\/uploads\/2023\/10\/TEMPLATE_POSTER_NAEA50-teste-1.pptx\">aqui o template do p\u00f4ster<\/a> <\/p>\n\n\n\n<p><strong>P<\/strong><strong>remia\u00e7\u00e3o<\/strong><\/p>\n\n\n\n<p>Durante o evento, os trabalhos ser\u00e3o novamente avaliados e os 5 (cinco) resumos simples mais bem pontuados, sendo um de cada GT, ser\u00e3o premiados com certificado durante a mesa final do evento.&nbsp;<\/p>\n\n\n\n<p><strong>Anais<\/strong><\/p>\n\n\n\n<p>Os resumos submetidos, avaliados, aprovados e apresentados ser\u00e3o publicados nos Anais do III Simp\u00f3sio Internacional Interdisciplinaridade, Sustentabilidade e Desenvolvimento \u2013 Pesquisa, ensino e extens\u00e3o na Amaz\u00f4nia para um desenvolvimento regional com responsabilidade global. Trabalhos n\u00e3o apresentados n\u00e3o far\u00e3o parte dos ANAIS, e n\u00e3o receber\u00e3o Certificado de Apresenta\u00e7\u00e3o.<\/p>\n\n\n\n<p>Pedido de retirada de trabalho dos anais do evento s\u00f3 pode ser feito at\u00e9 o dia 22\/11\/23.<\/p>\n","protected":false},"excerpt":{"rendered":"<p>Os Resumos SIMPLES devem ser apresentados em: \u2022&nbsp;Programa Word for Windows; \u2022&nbsp;Fonte: Times New Roman, tamanho 12; \u2022&nbsp;Margem superior e inferior com 2,5 cm; \u2022&nbsp;Margem esquerda e direita com 3 cm; \u2022&nbsp;Espa\u00e7amento entre linhas de 1,5 cm; \u2022&nbsp;Alinhamento: Justificado. O resumo simples dever\u00e1 ser encaminhado contendo: \u2022&nbsp;O resumo simples deve conter no m\u00ednimo de 200<span class=\"post-excerpt-end\">&hellip;<\/span><\/p>\n<p class=\"more-link\"><a href=\"https:\/\/naea.website\/index.php\/normas-de-submissao-de-poster\/\" class=\"themebutton\">Ler mais<\/a><\/p>\n","protected":false},"author":1,"featured_media":0,"parent":0,"menu_order":0,"comment_status":"closed","ping_status":"closed","template":"","meta":{"footnotes":""},"_links":{"self":[{"href":"https:\/\/naea.website\/index.php\/wp-json\/wp\/v2\/pages\/669"}],"collection":[{"href":"https:\/\/naea.website\/index.php\/wp-json\/wp\/v2\/pages"}],"about":[{"href":"https:\/\/naea.website\/index.php\/wp-json\/wp\/v2\/types\/page"}],"author":[{"embeddable":true,"href":"https:\/\/naea.website\/index.php\/wp-json\/wp\/v2\/users\/1"}],"replies":[{"embeddable":true,"href":"https:\/\/naea.website\/index.php\/wp-json\/wp\/v2\/comments?post=669"}],"version-history":[{"count":8,"href":"https:\/\/naea.website\/index.php\/wp-json\/wp\/v2\/pages\/669\/revisions"}],"predecessor-version":[{"id":896,"href":"https:\/\/naea.website\/index.php\/wp-json\/wp\/v2\/pages\/669\/revisions\/896"}],"wp:attachment":[{"href":"https:\/\/naea.website\/index.php\/wp-json\/wp\/v2\/media?parent=669"}],"curies":[{"name":"wp","href":"https:\/\/api.w.org\/{rel}","templated":true}]}}