{"id":394,"date":"2023-08-22T16:32:28","date_gmt":"2023-08-22T19:32:28","guid":{"rendered":"https:\/\/naea.website\/?page_id=394"},"modified":"2023-09-25T18:49:43","modified_gmt":"2023-09-25T21:49:43","slug":"normas-de-submissao","status":"publish","type":"page","link":"https:\/\/naea.website\/index.php\/normas-de-submissao\/","title":{"rendered":"Normas de Submiss\u00e3o de Comunica\u00e7\u00e3o Oral"},"content":{"rendered":"\n<p><mark style=\"background-color:rgba(0, 0, 0, 0)\" class=\"has-inline-color has-vivid-red-color\"><strong>Submiss\u00e3o Prorrogada at\u00e9 06\/10\/2023<\/strong><\/mark><br><strong>NORMAS E ORIENTA\u00c7\u00d5ES PARA SUBMISS\u00c3O DE RESUMO EXPANDIDO<\/strong><\/p>\n\n\n\n<p><strong>Os Resumos devem ser apresentados em:<\/strong><\/p>\n\n\n\n<ul>\n<li>Programa Word for Windows;<\/li>\n\n\n\n<li>Fonte: Times New Roman, tamanho 12;<\/li>\n\n\n\n<li>Margem superior e inferior com 2,5 cm;<\/li>\n\n\n\n<li>Margem esquerda e direita com 3 cm;<\/li>\n\n\n\n<li>Espa\u00e7amento entre linhas de 1,5 cm;<\/li>\n\n\n\n<li>Alinhamento: Justificado.<\/li>\n<\/ul>\n\n\n\n<p><strong>O resumo expandido dever\u00e1 ser encaminhado contendo:<\/strong><\/p>\n\n\n\n<ul>\n<li>No m\u00ednimo 4 (quatro) e no m\u00e1ximo 5 (cinco) laudas, abrangendo de forma breve e concreta informa\u00e7\u00f5es sobre o Objeto do trabalho acad\u00eamico, Objetivos, Metodologia, Resultados, Conclus\u00f5es do trabalho, Refer\u00eancias Bibliogr\u00e1ficas;<\/li>\n\n\n\n<li>T\u00edtulo: fonte tamanho 12, em negrito, centralizado;<\/li>\n\n\n\n<li>Indica\u00e7\u00e3o do Grupo de Trabalho: fonte tamanho 12, em negrito, centralizado;<\/li>\n\n\n\n<li>Nome completo e sem abreviaturas do(s) autor(es),  fonte tamanho 12, centralizado;<\/li>\n\n\n\n<li>Identifica\u00e7\u00e3o em rodap\u00e9 dos dados relativos ao(s) autor(es) \u2013 titula\u00e7\u00e3o acad\u00eamica, institui\u00e7\u00e3o, e-mail, fonte tamanho 11, justificado;<\/li>\n\n\n\n<li>As p\u00e1ginas devem ser numeradas embaixo e \u00e0 direita, em algarismos<br>ar\u00e1bicos;<\/li>\n\n\n\n<li>Indica\u00e7\u00e3o de 3 palavras-chave;<\/li>\n\n\n\n<li>Casos omissos, observar as normas vigentes da Associa\u00e7\u00e3o Brasileira de Normas T\u00e9cnicas \u2013 ABNT ou entre em contato pelo e-mail.<\/li>\n<\/ul>\n\n\n\n<p>Autor(es) devem, obrigatoriamente, utilizar os templates dispon\u00edveis abaixo para submeter o seu trabalho.<\/p>\n\n\n\n<p><strong>Avalia\u00e7\u00e3o \u201c\u00e0s cegas\u201d:<\/strong><br>Considerando a avalia\u00e7\u00e3o \u201c\u00e0s cegas\u201d, o trabalho deve ser enviado em duas vers\u00f5es, sendo uma delas sem informa\u00e7\u00f5es que indiquem sua autoria.<\/p>\n\n\n\n<p>Para diferenciar as vers\u00f5es do trabalho, atente \u00e0s orienta\u00e7\u00f5es abaixo:<br>Nome do arquivo <strong>COM<\/strong> identifica\u00e7\u00e3o: NOME DO TRABALHO.doc<br><a href=\"https:\/\/naea.website\/wp-content\/uploads\/2023\/08\/Template_NOME-DO-TRABALHO.docx\" target=\"_blank\" rel=\"noreferrer noopener\">Baixe o Arquivo Aqui (COM identifica\u00e7\u00e3o)<\/a><\/p>\n\n\n\n<p>Nome do arquivo <strong>SEM <\/strong>identifica\u00e7\u00e3o: SEM IDENTIFICA\u00c7\u00c3O_NOME DO TRABALHO.doc<br><a href=\"https:\/\/naea.website\/wp-content\/uploads\/2023\/08\/template_SEM-IDENTIFICACAO_NOME-DO-TRABALHO.docx\" target=\"_blank\" rel=\"noreferrer noopener\">Baixe o Arquivo Aqui (SEM identifica\u00e7\u00e3o)<\/a><\/p>\n\n\n\n<p><strong>Sobre autoria<\/strong><\/p>\n\n\n\n<p>Cada trabalho poder\u00e1 ter at\u00e9 4 autores<\/p>\n\n\n\n<p>Um autor poder\u00e1 ter seu nome em at\u00e9 tr\u00eas trabalhos, mas dever\u00e1 constar como primeiro autor em apenas um.<\/p>\n\n\n\n<p>O primeiro autor deve possuir gradua\u00e7\u00e3o completa. Graduandos podem ser coautores, mas nestes casos os trabalhos devem ser apresentados pelo primeiro autor.<br>&nbsp;<br>Antes de enviar o resumo o(a) autor(a) deve realizar revis\u00e3o do trabalho (gramatical, ortogr\u00e1fica, de digita\u00e7\u00e3o e de conte\u00fado), sob pena de recusa do mesmo.<\/p>\n\n\n\n<p><strong>Submiss\u00e3o<\/strong><\/p>\n\n\n\n<p>A comiss\u00e3o organizadora solicita que a orienta\u00e7\u00f5es abaixo sejam rigorosamente observadas.<\/p>\n\n\n\n<p>A submiss\u00e3o ser\u00e1 realizada exclusivamente pelo e-mail a seguir: resumos.naea50anos@gmail.com.<\/p>\n\n\n\n<p>No e-mail, no item Assunto, insira o nome do Grupo de Trabalho (GT) para o qual o resumo est\u00e1 sendo enviado.<\/p>\n\n\n\n<p>No ato do envio do resumo o(a) autor(a) respons\u00e1vel pela submiss\u00e3o deve obrigatoriamente indicar no corpo do e-mail:<br>\u2022 Nome do GT para o qual est\u00e1 submetendo sua proposta;<br>\u2022 Nome do trabalho;<br>\u2022 Respons\u00e1veis pela autoria do resumo e respectivas institui\u00e7\u00f5es, e e-mails.<br><br><strong>RESULTADO<\/strong><\/p>\n\n\n\n<p>Os trabalhos selecionados ser\u00e3o divulgados na p\u00e1gina do evento, conforme cronograma.<\/p>\n\n\n\n<p><strong>Anais<\/strong><\/p>\n\n\n\n<p>Os resumos submetidos, avaliados, aprovados e apresentados ser\u00e3o publicados nos Anais do III Simp\u00f3sio Internacional Interdisciplinaridade, Sustentabilidade e Desenvolvimento &#8211; Pesquisa, ensino e extens\u00e3o na Amaz\u00f4nia para um desenvolvimento regional com responsabilidade global. Trabalhos n\u00e3o apresentados n\u00e3o far\u00e3o parte dos ANAIS, e n\u00e3o receber\u00e3o Certificado de Apresenta\u00e7\u00e3o.<\/p>\n\n\n\n<p>Pedido de retirada de trabalho dos anais do evento s\u00f3 pode ser feito at\u00e9 o dia 22\/11\/23.<\/p>\n","protected":false},"excerpt":{"rendered":"<p>Submiss\u00e3o Prorrogada at\u00e9 06\/10\/2023NORMAS E ORIENTA\u00c7\u00d5ES PARA SUBMISS\u00c3O DE RESUMO EXPANDIDO Os Resumos devem ser apresentados em: O resumo expandido dever\u00e1 ser encaminhado contendo: Autor(es) devem, obrigatoriamente, utilizar os templates dispon\u00edveis abaixo para submeter o seu trabalho. Avalia\u00e7\u00e3o \u201c\u00e0s cegas\u201d:Considerando a avalia\u00e7\u00e3o \u201c\u00e0s cegas\u201d, o trabalho deve ser enviado em duas vers\u00f5es, sendo uma delas<span class=\"post-excerpt-end\">&hellip;<\/span><\/p>\n<p class=\"more-link\"><a href=\"https:\/\/naea.website\/index.php\/normas-de-submissao\/\" class=\"themebutton\">Ler mais<\/a><\/p>\n","protected":false},"author":1,"featured_media":0,"parent":0,"menu_order":0,"comment_status":"closed","ping_status":"closed","template":"","meta":{"footnotes":""},"_links":{"self":[{"href":"https:\/\/naea.website\/index.php\/wp-json\/wp\/v2\/pages\/394"}],"collection":[{"href":"https:\/\/naea.website\/index.php\/wp-json\/wp\/v2\/pages"}],"about":[{"href":"https:\/\/naea.website\/index.php\/wp-json\/wp\/v2\/types\/page"}],"author":[{"embeddable":true,"href":"https:\/\/naea.website\/index.php\/wp-json\/wp\/v2\/users\/1"}],"replies":[{"embeddable":true,"href":"https:\/\/naea.website\/index.php\/wp-json\/wp\/v2\/comments?post=394"}],"version-history":[{"count":9,"href":"https:\/\/naea.website\/index.php\/wp-json\/wp\/v2\/pages\/394\/revisions"}],"predecessor-version":[{"id":687,"href":"https:\/\/naea.website\/index.php\/wp-json\/wp\/v2\/pages\/394\/revisions\/687"}],"wp:attachment":[{"href":"https:\/\/naea.website\/index.php\/wp-json\/wp\/v2\/media?parent=394"}],"curies":[{"name":"wp","href":"https:\/\/api.w.org\/{rel}","templated":true}]}}