{"id":392,"date":"2023-08-22T16:30:22","date_gmt":"2023-08-22T19:30:22","guid":{"rendered":"https:\/\/naea.website\/?page_id=392"},"modified":"2023-09-21T09:09:56","modified_gmt":"2023-09-21T12:09:56","slug":"submissao-de-trabalhos","status":"publish","type":"page","link":"https:\/\/naea.website\/index.php\/submissao-de-trabalhos\/","title":{"rendered":"Submiss\u00e3o de Trabalhos"},"content":{"rendered":"\n<p><a rel=\"noreferrer noopener\" href=\"https:\/\/naea.website\/index.php\/grupos-de-trabalhos\/\" target=\"_blank\">GRUPOS DE TRABALHOS<\/a><\/p>\n\n\n\n<p><a href=\"https:\/\/naea.website\/index.php\/normas-de-submissao\/\" target=\"_blank\" rel=\"noreferrer noopener\">NORMAS DE SUBMISS\u00c3O PARA COMUNICA\u00c7\u00c3O ORAL<\/a><\/p>\n\n\n\n<p><a href=\"https:\/\/naea.website\/index.php\/normas-de-submissao-de-poster\/\" target=\"_blank\" rel=\"noreferrer noopener\">NORMAS DE SUBMISS\u00c3O PARA P\u00d4STER<\/a> <\/p>\n\n\n\n<p><\/p>\n\n\n\n<p><\/p>\n\n\n\n<div class=\"wp-block-columns is-layout-flex wp-container-3 wp-block-columns-is-layout-flex\">\n<div class=\"wp-block-column is-layout-flow wp-block-column-is-layout-flow\">\n<figure class=\"wp-block-image size-large\"><a href=\"https:\/\/naea.website\/wp-content\/uploads\/2023\/09\/A48F2B50-55E1-4AC6-881A-47DC6C718CE1.jpeg\" target=\"_blank\" rel=\"noreferrer noopener\"><img decoding=\"async\" loading=\"lazy\" width=\"1024\" height=\"1024\" src=\"https:\/\/naea.website\/wp-content\/uploads\/2023\/09\/A48F2B50-55E1-4AC6-881A-47DC6C718CE1-1024x1024.jpeg\" alt=\"\" class=\"wp-image-677\" srcset=\"https:\/\/naea.website\/wp-content\/uploads\/2023\/09\/A48F2B50-55E1-4AC6-881A-47DC6C718CE1-1024x1024.jpeg 1024w, https:\/\/naea.website\/wp-content\/uploads\/2023\/09\/A48F2B50-55E1-4AC6-881A-47DC6C718CE1-300x300.jpeg 300w, https:\/\/naea.website\/wp-content\/uploads\/2023\/09\/A48F2B50-55E1-4AC6-881A-47DC6C718CE1-150x150.jpeg 150w, https:\/\/naea.website\/wp-content\/uploads\/2023\/09\/A48F2B50-55E1-4AC6-881A-47DC6C718CE1-768x768.jpeg 768w, https:\/\/naea.website\/wp-content\/uploads\/2023\/09\/A48F2B50-55E1-4AC6-881A-47DC6C718CE1.jpeg 1080w\" sizes=\"(max-width: 1024px) 100vw, 1024px\" \/><\/a><\/figure>\n<\/div>\n\n\n\n<div class=\"wp-block-column is-layout-flow wp-block-column-is-layout-flow\">\n<figure class=\"wp-block-image size-large\"><a href=\"https:\/\/naea.website\/wp-content\/uploads\/2023\/09\/4107030B-8D35-4BA1-AE40-02F95C963532.jpeg\" target=\"_blank\" rel=\"noreferrer noopener\"><img decoding=\"async\" loading=\"lazy\" width=\"1024\" height=\"1024\" src=\"https:\/\/naea.website\/wp-content\/uploads\/2023\/09\/4107030B-8D35-4BA1-AE40-02F95C963532-1024x1024.jpeg\" alt=\"\" class=\"wp-image-678\" srcset=\"https:\/\/naea.website\/wp-content\/uploads\/2023\/09\/4107030B-8D35-4BA1-AE40-02F95C963532-1024x1024.jpeg 1024w, https:\/\/naea.website\/wp-content\/uploads\/2023\/09\/4107030B-8D35-4BA1-AE40-02F95C963532-300x300.jpeg 300w, https:\/\/naea.website\/wp-content\/uploads\/2023\/09\/4107030B-8D35-4BA1-AE40-02F95C963532-150x150.jpeg 150w, https:\/\/naea.website\/wp-content\/uploads\/2023\/09\/4107030B-8D35-4BA1-AE40-02F95C963532-768x768.jpeg 768w, https:\/\/naea.website\/wp-content\/uploads\/2023\/09\/4107030B-8D35-4BA1-AE40-02F95C963532.jpeg 1080w\" sizes=\"(max-width: 1024px) 100vw, 1024px\" \/><\/a><\/figure>\n<\/div>\n<\/div>\n","protected":false},"excerpt":{"rendered":"<p>GRUPOS DE TRABALHOS NORMAS DE SUBMISS\u00c3O PARA COMUNICA\u00c7\u00c3O ORAL NORMAS DE SUBMISS\u00c3O PARA P\u00d4STER<\/p>\n","protected":false},"author":1,"featured_media":0,"parent":0,"menu_order":0,"comment_status":"closed","ping_status":"closed","template":"","meta":{"footnotes":""},"_links":{"self":[{"href":"https:\/\/naea.website\/index.php\/wp-json\/wp\/v2\/pages\/392"}],"collection":[{"href":"https:\/\/naea.website\/index.php\/wp-json\/wp\/v2\/pages"}],"about":[{"href":"https:\/\/naea.website\/index.php\/wp-json\/wp\/v2\/types\/page"}],"author":[{"embeddable":true,"href":"https:\/\/naea.website\/index.php\/wp-json\/wp\/v2\/users\/1"}],"replies":[{"embeddable":true,"href":"https:\/\/naea.website\/index.php\/wp-json\/wp\/v2\/comments?post=392"}],"version-history":[{"count":12,"href":"https:\/\/naea.website\/index.php\/wp-json\/wp\/v2\/pages\/392\/revisions"}],"predecessor-version":[{"id":679,"href":"https:\/\/naea.website\/index.php\/wp-json\/wp\/v2\/pages\/392\/revisions\/679"}],"wp:attachment":[{"href":"https:\/\/naea.website\/index.php\/wp-json\/wp\/v2\/media?parent=392"}],"curies":[{"name":"wp","href":"https:\/\/api.w.org\/{rel}","templated":true}]}}