{"id":390,"date":"2023-08-22T16:28:30","date_gmt":"2023-08-22T19:28:30","guid":{"rendered":"https:\/\/naea.website\/?page_id=390"},"modified":"2023-10-24T22:33:15","modified_gmt":"2023-10-25T01:33:15","slug":"grupos-de-trabalhos","status":"publish","type":"page","link":"https:\/\/naea.website\/index.php\/grupos-de-trabalhos\/","title":{"rendered":"Grupos de Trabalhos"},"content":{"rendered":"\n<p><strong>GT 01 &#8211; Sociedade, Urbaniza\u00e7\u00e3o e Estudos Populacionais<\/strong><\/p>\n\n\n\n<p><strong>Coordena\u00e7\u00e3o: Prof. Dr. Silvio Jos\u00e9 de Lima Figueiredo <\/strong><strong>(NAEA\/UFPA)<\/strong><\/p>\n\n\n\n<p>Ementa: O GT apresenta din\u00e2micas socioculturais das popula\u00e7\u00f5es pan-amaz\u00f4nicas, a partir da identifica\u00e7\u00e3o dos processos e trajet\u00f3rias de subsist\u00eancia, produ\u00e7\u00e3o e reprodu\u00e7\u00e3o social, organiza\u00e7\u00e3o social, capital social e expressividades culturais a partir de tecnologias pol\u00edtico-sociais das comunidades frente a impactos de atividades econ\u00f4micas como minera\u00e7\u00e3o, grandes obras infraestuturais, agropecu\u00e1ria, turismo, entre outras, e frente \u00e0 crescente urbaniza\u00e7\u00e3o dos espa\u00e7os amaz\u00f4nicos, com o aumento da popula\u00e7\u00e3o das cidades da regi\u00e3o, incluindo os estudos populacionais e migra\u00e7\u00f5es, considerando a diversidade de pr\u00e1ticas culturais, expressividades criativas, patrim\u00f4nio cultural e de lazer que as comunidades amaz\u00f4nicas possuem, contribuindo para a sustentabilidade socioambiental dessas popula\u00e7\u00f5es.<\/p>\n\n\n\n<p><strong>GT02 &#8211; Estado, Institui\u00e7\u00f5es, Planejamento e Pol\u00edticas P\u00fablicas <\/strong><\/p>\n\n\n\n<p><strong>Coordena\u00e7\u00e3o: Prof. Dr. Durbens Nascimento (NAEA\/UFPA)<\/strong><\/p>\n\n\n\n<p>Ementa: Este grupo de trabalho tem como tema central os impactos das altera\u00e7\u00f5es institucionais econ\u00f4mico-sociais na Amaz\u00f4nia, recebendo pesquisas que privilegiem essa abordagem, especialmente quando partem de um esfor\u00e7o de integra\u00e7\u00e3o metodol\u00f3gica, permitindo que tanto estudos hist\u00f3ricos quanto temas atuais tenham uma abordagem interdisciplinar. Entre esses temas atuais ter\u00e3o espa\u00e7o privilegiado pesquisas que abordem: an\u00e1lise e avalia\u00e7\u00e3o de pol\u00edticas p\u00fablicas na Amaz\u00f4nia; defesa, fronteira e pol\u00edticas p\u00fablicas na Amaz\u00f4nia; comunica\u00e7\u00e3o, cultura e desenvolvimento na Amaz\u00f4nia; governabilidade e pol\u00edticas na Amaz\u00f4nia.<\/p>\n\n\n\n<p><strong>GT03 &#8211; Gest\u00e3o de Recursos Naturais<\/strong><\/p>\n\n\n\n<p><strong>Coordena\u00e7\u00e3o: Prof. Dr. Claudio Fabian Szlafsztein <\/strong><strong>(NAEA\/UFPA)<\/strong><\/p>\n\n\n\n<p>Ementa: Neste GT ser\u00e3o recepcionadas pesquisas que, a partir de uma abordagem interdisciplinar, buscam identificar e compreender as diversas formas de acesso e uso de recursos naturais e os desdobramentos destas a\u00e7\u00f5es nas mudan\u00e7as globais, regionais e locais, tendo como temas privilegiados: cadeia produtiva, mercado e desenvolvimento sustent\u00e1vel; economia, conserva\u00e7\u00e3o e governan\u00e7a ambiental da Amaz\u00f4nia; desenvolvimento e uso dos recursos naturais na Amaz\u00f4nia; pol\u00edticas p\u00fablicas e governan\u00e7a na Amaz\u00f4nia.<\/p>\n\n\n\n<p><a><\/a> <strong>GT04 &#8211; <\/strong><strong>Gest\u00e3o P\u00fablica para o Desenvolvimento Regional da Amaz\u00f4nia<\/strong><\/p>\n\n\n\n<p><strong>Coordena\u00e7\u00e3o: Prof. Dr. Adagenor Lobato (NAEA\/UFPA).<\/strong><\/p>\n\n\n\n<p>Ementa: A necessidade de realizar interven\u00e7\u00e3o eficaz no desenvolvimento regional da Amaz\u00f4nia destaca a import\u00e2ncia da gest\u00e3o p\u00fablica para implementar as pol\u00edticas p\u00fablicas de desenvolvimento propostas pelas diversas esferas governamentais. Dessa forma, considerando a \u00e1rea de Concentra\u00e7\u00e3o do Programa de P\u00f3s-Gradua\u00e7\u00e3o em Gest\u00e3o P\u00fablica como de Gest\u00e3o P\u00fablica do Desenvolvimento, a qual desdobra-se nas linhas de pesquisa de Gest\u00e3o P\u00fablica Municipal e Gest\u00e3o de Organiza\u00e7\u00f5es P\u00fablicas. A primeira linha acomoda estudos e pesquisas que genericamente abordam a descentraliza\u00e7\u00e3o e municipaliza\u00e7\u00e3o ocorridas a partir da Constitui\u00e7\u00e3o de 1988 no Brasil. Essa linha investiga o processo de descentraliza\u00e7\u00e3o e municipaliza\u00e7\u00e3o na Amaz\u00f4nia, observando que estruturas de poder local que frequentemente limitam a participa\u00e7\u00e3o da popula\u00e7\u00e3o devido \u00e0 falta de capacita\u00e7\u00e3o dos recursos humanos envolvidos na administra\u00e7\u00e3o p\u00fablica municipal. Dessa forma, espera-se que o objeto de pesquisa na linha considere a necessidade de melhorar a qualidade dos recursos humanos em prefeituras e inst\u00e2ncias de governan\u00e7a municipal, como conselhos municipais e c\u00e2maras de vereadores. A segunda linha de pesquisa de Gest\u00e3o de Organiza\u00e7\u00f5es P\u00fablicas, trabalha programas e projetos de pesquisa relacionados \u00e0 gest\u00e3o e resolu\u00e7\u00e3o de problemas em organiza\u00e7\u00f5es p\u00fablicas, tanto governamentais quanto n\u00e3o-governamentais. Essas organiza\u00e7\u00f5es operam na gest\u00e3o do desenvolvimento socioambiental na Regi\u00e3o Amaz\u00f4nica. A gest\u00e3o eficaz dessas organiza\u00e7\u00f5es \u00e9 considerada crucial para entregar servi\u00e7os de maior qualidade \u00e0 popula\u00e7\u00e3o regional.<\/p>\n\n\n\n<p><strong>GT05 &#8211; Dimens\u00f5es contempor\u00e2neas do agr\u00e1rio e regional amaz\u00f4nico \u2013 tr\u00e2nsitos e valores (bio)econ\u00f4mico-pol\u00edticos na constru\u00e7\u00e3o social de desenvolvimento inclusivo e redistributivo<\/strong><\/p>\n\n\n\n<p><strong>Coordena\u00e7\u00e3o: Prof<\/strong><sup><strong>a<\/strong><\/sup><strong> Dr<\/strong><sup><strong>a<\/strong><\/sup><strong> Marcela Vecchione-Gon\u00e7alves e Prof Dr. Ricardo The\u00f3philo Folhes<\/strong><\/p>\n\n\n\n<p>Os \u00faltimos quatro anos foram marcados pelo aprofundamento de desafios concretos ao desenvolvimento regional no bioma amaz\u00f4nico e em suas \u00e1reas de transi\u00e7\u00e3o, no que chamamos Amaz\u00f4nia Legal. Observamos a escalada de desmatamento e degrada\u00e7\u00e3o, perda de biodiversidade e a press\u00e3o sobre territ\u00f3rios coletivos e de pequenos agricultores levando ao aumento da desigualdade social, \u00edndice de viol\u00eancia, incluindo a pol\u00edtica, e de apropria\u00e7\u00e3o da natureza. Tomando a Amaz\u00f4nia Legal e, mais recentemente, a Panamaz\u00f4nia, lugar central no desenho e elabora\u00e7\u00e3o de pol\u00edticas e programas de governo em escala nacional, regional, subnacional e transfronteiri\u00e7a, lugar de destaque para pensar processos de transforma\u00e7\u00e3o ecol\u00f3gica, desde o desenho de uma agenda econ\u00f4mica, seja agr\u00e1ria ou urbana, de baixo carbono que se conecta ao combate \u00e0s desigualdades, \u00e9 importante pensarmos se, como em que gradiente tais medidas de fato \u2018re-situam\u2019 as bases do debate sobre acelera\u00e7\u00e3o de crescimento econ\u00f4mico e suas consequ\u00eancias de longo prazo na sociedade amaz\u00f4nica. Assim, chamamos a pensar sobre em que medida as transforma\u00e7\u00f5es s\u00f3cio-ecol\u00f3gicas e econ\u00f4micas que passamos em n\u00edvel global, que centralizam a Amaz\u00f4nia na solu\u00e7\u00e3o para problemas globais, criam as condi\u00e7\u00f5es necess\u00e1rias, ou reconhecem e garantem a integridade das condi\u00e7\u00f5es j\u00e1 existentes, para que problemas e potencialidades da regi\u00e3o levem \u00e0 reprodu\u00e7\u00e3o e manuten\u00e7\u00e3o n\u00e3o apenas das bases globais de circula\u00e7\u00e3o de valor e exist\u00eancia material, mas, tamb\u00e9m, das bases de exist\u00eancia dos pr\u00f3prios mundos amaz\u00f4nicos. Quando, demograficamente, vemos o aumento populacional expressivo dos povos ind\u00edgenas, quilombolas e comunidades tradicionais na Amaz\u00f4nia Legal, incluindo em suas cidades, propomos questionar neste GT como a centraliza\u00e7\u00e3o da Amaz\u00f4nia no debate nacional e global nos ajuda a pensar as bases de reprodu\u00e7\u00e3o e produ\u00e7\u00e3o do espa\u00e7o agr\u00e1rio e urbano amaz\u00f4nico e as perspectivas de desenvolvimento de dentro e de fora que se projetam para e sobre este espa\u00e7o.<\/p>\n","protected":false},"excerpt":{"rendered":"<p>GT 01 &#8211; Sociedade, Urbaniza\u00e7\u00e3o e Estudos Populacionais Coordena\u00e7\u00e3o: Prof. Dr. Silvio Jos\u00e9 de Lima Figueiredo (NAEA\/UFPA) Ementa: O GT apresenta din\u00e2micas socioculturais das popula\u00e7\u00f5es pan-amaz\u00f4nicas, a partir da identifica\u00e7\u00e3o dos processos e trajet\u00f3rias de subsist\u00eancia, produ\u00e7\u00e3o e reprodu\u00e7\u00e3o social, organiza\u00e7\u00e3o social, capital social e expressividades culturais a partir de tecnologias pol\u00edtico-sociais das comunidades frente<span class=\"post-excerpt-end\">&hellip;<\/span><\/p>\n<p class=\"more-link\"><a href=\"https:\/\/naea.website\/index.php\/grupos-de-trabalhos\/\" class=\"themebutton\">Ler mais<\/a><\/p>\n","protected":false},"author":1,"featured_media":0,"parent":0,"menu_order":0,"comment_status":"closed","ping_status":"closed","template":"","meta":{"footnotes":""},"_links":{"self":[{"href":"https:\/\/naea.website\/index.php\/wp-json\/wp\/v2\/pages\/390"}],"collection":[{"href":"https:\/\/naea.website\/index.php\/wp-json\/wp\/v2\/pages"}],"about":[{"href":"https:\/\/naea.website\/index.php\/wp-json\/wp\/v2\/types\/page"}],"author":[{"embeddable":true,"href":"https:\/\/naea.website\/index.php\/wp-json\/wp\/v2\/users\/1"}],"replies":[{"embeddable":true,"href":"https:\/\/naea.website\/index.php\/wp-json\/wp\/v2\/comments?post=390"}],"version-history":[{"count":7,"href":"https:\/\/naea.website\/index.php\/wp-json\/wp\/v2\/pages\/390\/revisions"}],"predecessor-version":[{"id":881,"href":"https:\/\/naea.website\/index.php\/wp-json\/wp\/v2\/pages\/390\/revisions\/881"}],"wp:attachment":[{"href":"https:\/\/naea.website\/index.php\/wp-json\/wp\/v2\/media?parent=390"}],"curies":[{"name":"wp","href":"https:\/\/api.w.org\/{rel}","templated":true}]}}