{"id":388,"date":"2023-08-22T16:27:59","date_gmt":"2023-08-22T19:27:59","guid":{"rendered":"https:\/\/naea.website\/?page_id=388"},"modified":"2023-11-21T16:27:30","modified_gmt":"2023-11-21T19:27:30","slug":"programacao-2","status":"publish","type":"page","link":"https:\/\/naea.website\/index.php\/programacao-2\/","title":{"rendered":"Programa\u00e7\u00e3o"},"content":{"rendered":"\n<p><a href=\"https:\/\/naea.website\/index.php\/2023\/09\/17\/confira-a-chamada-de-livros-para-o-evento-do-naea-50-anos\/\">PROGRAMA\u00c7\u00c3O DO SIMP\u00d3SIO<\/a><\/p>\n\n\n\n<p><a href=\"https:\/\/naea.website\/index.php\/programacao-do-simposio\/programacao\/\">PROGRAMA\u00c7\u00c3O ANUAL<\/a><\/p>\n\n\n\n<p><a href=\"https:\/\/naea.website\/index.php\/programacao-dos-gts\/\">PROGRAMA\u00c7\u00c3O DOS GTs<\/a><\/p>\n\n\n\n<p><a href=\"https:\/\/naea.website\/index.php\/cronograma\/\">CRONOGRAMA<\/a><\/p>\n","protected":false},"excerpt":{"rendered":"<p>PROGRAMA\u00c7\u00c3O DO SIMP\u00d3SIO PROGRAMA\u00c7\u00c3O ANUAL PROGRAMA\u00c7\u00c3O DOS GTs CRONOGRAMA<\/p>\n","protected":false},"author":1,"featured_media":0,"parent":0,"menu_order":0,"comment_status":"closed","ping_status":"closed","template":"","meta":{"footnotes":""},"_links":{"self":[{"href":"https:\/\/naea.website\/index.php\/wp-json\/wp\/v2\/pages\/388"}],"collection":[{"href":"https:\/\/naea.website\/index.php\/wp-json\/wp\/v2\/pages"}],"about":[{"href":"https:\/\/naea.website\/index.php\/wp-json\/wp\/v2\/types\/page"}],"author":[{"embeddable":true,"href":"https:\/\/naea.website\/index.php\/wp-json\/wp\/v2\/users\/1"}],"replies":[{"embeddable":true,"href":"https:\/\/naea.website\/index.php\/wp-json\/wp\/v2\/comments?post=388"}],"version-history":[{"count":4,"href":"https:\/\/naea.website\/index.php\/wp-json\/wp\/v2\/pages\/388\/revisions"}],"predecessor-version":[{"id":965,"href":"https:\/\/naea.website\/index.php\/wp-json\/wp\/v2\/pages\/388\/revisions\/965"}],"wp:attachment":[{"href":"https:\/\/naea.website\/index.php\/wp-json\/wp\/v2\/media?parent=388"}],"curies":[{"name":"wp","href":"https:\/\/api.w.org\/{rel}","templated":true}]}}