{"id":36,"date":"2023-02-28T10:14:33","date_gmt":"2023-02-28T13:14:33","guid":{"rendered":"https:\/\/naea.website\/?page_id=36"},"modified":"2023-09-14T17:06:55","modified_gmt":"2023-09-14T20:06:55","slug":"contato","status":"publish","type":"page","link":"https:\/\/naea.website\/index.php\/contato\/","title":{"rendered":"Contato"},"content":{"rendered":"\n<p>Secretaria adjunta do NAEA:<\/p>\n\n\n\n<p>(91) 3201-7701\/7647<\/p>\n\n\n\n<p>Site do NAEA:<a href=\"http:\/\/www.naea.ufpa.br\/\"><\/a><\/p>\n\n\n\n<p><a href=\"http:\/\/www.naea.ufpa.br\/\">http:\/\/www.naea.ufpa.br<\/a><\/p>\n\n\n\n<p>E-mail dos 50 anos:<\/p>\n\n\n\n<p>\u00a0<strong>naea50anos@gmail.com<\/strong><\/p>\n\n\n\n<p>Redes Sociais:<a href=\"https:\/\/twitter.com\/Naea_Oficial\"><\/a>&nbsp;&nbsp;<a rel=\"noreferrer noopener\" href=\"https:\/\/www.instagram.com\/naea.ufpa\/\" target=\"_blank\">https:\/\/www.instagram.com\/naea.ufpa\/<\/a><a href=\"https:\/\/www.facebook.com\/PaginaNaeaOficial\/\"><\/a><\/p>\n\n\n\n<p>Endere\u00e7o:<\/p>\n\n\n\n<p><\/p>\n\n\n\n<p>Av. Perimetral, N\u00ba1. Cidade Universit\u00e1ria Professor Jos\u00e9 da Silveira Netto &#8211; Campus Profissional. Av. Augusto Corr\u00eaa, 01 &#8211; Guam\u00e1 &#8211; Cep: 66075-900 &#8211; Bel\u00e9m-PA, Brasil.<\/p>\n","protected":false},"excerpt":{"rendered":"<p>Secretaria adjunta do NAEA: (91) 3201-7701\/7647 Site do NAEA: http:\/\/www.naea.ufpa.br E-mail dos 50 anos: \u00a0naea50anos@gmail.com Redes Sociais:&nbsp;&nbsp;https:\/\/www.instagram.com\/naea.ufpa\/ Endere\u00e7o: Av. Perimetral, N\u00ba1. Cidade Universit\u00e1ria Professor Jos\u00e9 da Silveira Netto &#8211; Campus Profissional. Av. Augusto Corr\u00eaa, 01 &#8211; Guam\u00e1 &#8211; Cep: 66075-900 &#8211; Bel\u00e9m-PA, Brasil.<\/p>\n","protected":false},"author":1,"featured_media":0,"parent":0,"menu_order":0,"comment_status":"closed","ping_status":"closed","template":"","meta":{"footnotes":""},"_links":{"self":[{"href":"https:\/\/naea.website\/index.php\/wp-json\/wp\/v2\/pages\/36"}],"collection":[{"href":"https:\/\/naea.website\/index.php\/wp-json\/wp\/v2\/pages"}],"about":[{"href":"https:\/\/naea.website\/index.php\/wp-json\/wp\/v2\/types\/page"}],"author":[{"embeddable":true,"href":"https:\/\/naea.website\/index.php\/wp-json\/wp\/v2\/users\/1"}],"replies":[{"embeddable":true,"href":"https:\/\/naea.website\/index.php\/wp-json\/wp\/v2\/comments?post=36"}],"version-history":[{"count":5,"href":"https:\/\/naea.website\/index.php\/wp-json\/wp\/v2\/pages\/36\/revisions"}],"predecessor-version":[{"id":661,"href":"https:\/\/naea.website\/index.php\/wp-json\/wp\/v2\/pages\/36\/revisions\/661"}],"wp:attachment":[{"href":"https:\/\/naea.website\/index.php\/wp-json\/wp\/v2\/media?parent=36"}],"curies":[{"name":"wp","href":"https:\/\/api.w.org\/{rel}","templated":true}]}}