{"id":353,"date":"2023-06-22T15:56:47","date_gmt":"2023-06-22T18:56:47","guid":{"rendered":"https:\/\/naea.website\/?page_id=353"},"modified":"2023-06-22T16:00:54","modified_gmt":"2023-06-22T19:00:54","slug":"seminario-teorias-da-violencia-seguranca-e-defesa-um-dialogo-entre-as-tendencias-teoricas-interpretativas-da-seguranca-publica-e-da-seguranca-internacional","status":"publish","type":"page","link":"https:\/\/naea.website\/index.php\/seminario-teorias-da-violencia-seguranca-e-defesa-um-dialogo-entre-as-tendencias-teoricas-interpretativas-da-seguranca-publica-e-da-seguranca-internacional\/","title":{"rendered":"Semin\u00e1rio Teorias da Viol\u00eancia, Seguran\u00e7a e Defesa: um di\u00e1logo entre as tend\u00eancias te\u00f3ricas interpretativas da Seguran\u00e7a P\u00fablica e da Seguran\u00e7a Internacional"},"content":{"rendered":"\n<div class=\"wp-block-columns is-layout-flex wp-container-4 wp-block-columns-is-layout-flex\">\n<div class=\"wp-block-column is-layout-flow wp-block-column-is-layout-flow\">\n<figure class=\"wp-block-image size-large\"><img decoding=\"async\" loading=\"lazy\" width=\"1024\" height=\"683\" src=\"https:\/\/naea.website\/wp-content\/uploads\/2023\/06\/MG_4599-1024x683.jpg\" alt=\"\" class=\"wp-image-354\" srcset=\"https:\/\/naea.website\/wp-content\/uploads\/2023\/06\/MG_4599-1024x683.jpg 1024w, https:\/\/naea.website\/wp-content\/uploads\/2023\/06\/MG_4599-300x200.jpg 300w, https:\/\/naea.website\/wp-content\/uploads\/2023\/06\/MG_4599-768x512.jpg 768w, https:\/\/naea.website\/wp-content\/uploads\/2023\/06\/MG_4599-1536x1024.jpg 1536w, https:\/\/naea.website\/wp-content\/uploads\/2023\/06\/MG_4599-2048x1365.jpg 2048w, https:\/\/naea.website\/wp-content\/uploads\/2023\/06\/MG_4599-570x380.jpg 570w, https:\/\/naea.website\/wp-content\/uploads\/2023\/06\/MG_4599-380x254.jpg 380w, https:\/\/naea.website\/wp-content\/uploads\/2023\/06\/MG_4599-285x190.jpg 285w\" sizes=\"(max-width: 1024px) 100vw, 1024px\" \/><\/figure>\n<\/div>\n\n\n\n<div class=\"wp-block-column is-layout-flow wp-block-column-is-layout-flow\">\n<figure class=\"wp-block-image size-large\"><img decoding=\"async\" loading=\"lazy\" width=\"1024\" height=\"683\" src=\"https:\/\/naea.website\/wp-content\/uploads\/2023\/06\/MG_4597-1024x683.jpg\" alt=\"\" class=\"wp-image-355\" srcset=\"https:\/\/naea.website\/wp-content\/uploads\/2023\/06\/MG_4597-1024x683.jpg 1024w, https:\/\/naea.website\/wp-content\/uploads\/2023\/06\/MG_4597-300x200.jpg 300w, https:\/\/naea.website\/wp-content\/uploads\/2023\/06\/MG_4597-768x512.jpg 768w, https:\/\/naea.website\/wp-content\/uploads\/2023\/06\/MG_4597-1536x1024.jpg 1536w, https:\/\/naea.website\/wp-content\/uploads\/2023\/06\/MG_4597-2048x1365.jpg 2048w, https:\/\/naea.website\/wp-content\/uploads\/2023\/06\/MG_4597-570x380.jpg 570w, https:\/\/naea.website\/wp-content\/uploads\/2023\/06\/MG_4597-380x254.jpg 380w, https:\/\/naea.website\/wp-content\/uploads\/2023\/06\/MG_4597-285x190.jpg 285w\" sizes=\"(max-width: 1024px) 100vw, 1024px\" \/><\/figure>\n<\/div>\n\n\n\n<div class=\"wp-block-column is-layout-flow wp-block-column-is-layout-flow\">\n<figure class=\"wp-block-image size-large\"><img decoding=\"async\" loading=\"lazy\" width=\"1024\" height=\"683\" src=\"https:\/\/naea.website\/wp-content\/uploads\/2023\/06\/MG_4587-1024x683.jpg\" alt=\"\" class=\"wp-image-356\" srcset=\"https:\/\/naea.website\/wp-content\/uploads\/2023\/06\/MG_4587-1024x683.jpg 1024w, https:\/\/naea.website\/wp-content\/uploads\/2023\/06\/MG_4587-300x200.jpg 300w, https:\/\/naea.website\/wp-content\/uploads\/2023\/06\/MG_4587-768x512.jpg 768w, https:\/\/naea.website\/wp-content\/uploads\/2023\/06\/MG_4587-1536x1024.jpg 1536w, https:\/\/naea.website\/wp-content\/uploads\/2023\/06\/MG_4587-2048x1365.jpg 2048w, https:\/\/naea.website\/wp-content\/uploads\/2023\/06\/MG_4587-570x380.jpg 570w, https:\/\/naea.website\/wp-content\/uploads\/2023\/06\/MG_4587-380x254.jpg 380w, https:\/\/naea.website\/wp-content\/uploads\/2023\/06\/MG_4587-285x190.jpg 285w\" sizes=\"(max-width: 1024px) 100vw, 1024px\" \/><\/figure>\n<\/div>\n<\/div>\n\n\n\n<div class=\"wp-block-columns is-layout-flex wp-container-8 wp-block-columns-is-layout-flex\">\n<div class=\"wp-block-column is-layout-flow wp-block-column-is-layout-flow\">\n<figure class=\"wp-block-image size-large\"><img decoding=\"async\" loading=\"lazy\" width=\"1024\" height=\"683\" src=\"https:\/\/naea.website\/wp-content\/uploads\/2023\/06\/MG_4584-1024x683.jpg\" alt=\"\" class=\"wp-image-357\" srcset=\"https:\/\/naea.website\/wp-content\/uploads\/2023\/06\/MG_4584-1024x683.jpg 1024w, https:\/\/naea.website\/wp-content\/uploads\/2023\/06\/MG_4584-300x200.jpg 300w, https:\/\/naea.website\/wp-content\/uploads\/2023\/06\/MG_4584-768x512.jpg 768w, https:\/\/naea.website\/wp-content\/uploads\/2023\/06\/MG_4584-1536x1024.jpg 1536w, https:\/\/naea.website\/wp-content\/uploads\/2023\/06\/MG_4584-2048x1365.jpg 2048w, https:\/\/naea.website\/wp-content\/uploads\/2023\/06\/MG_4584-570x380.jpg 570w, https:\/\/naea.website\/wp-content\/uploads\/2023\/06\/MG_4584-380x254.jpg 380w, https:\/\/naea.website\/wp-content\/uploads\/2023\/06\/MG_4584-285x190.jpg 285w\" sizes=\"(max-width: 1024px) 100vw, 1024px\" \/><\/figure>\n<\/div>\n\n\n\n<div class=\"wp-block-column is-layout-flow wp-block-column-is-layout-flow\">\n<figure class=\"wp-block-image size-large\"><img decoding=\"async\" loading=\"lazy\" width=\"1024\" height=\"683\" src=\"https:\/\/naea.website\/wp-content\/uploads\/2023\/06\/MG_4565-1024x683.jpg\" alt=\"\" class=\"wp-image-358\" srcset=\"https:\/\/naea.website\/wp-content\/uploads\/2023\/06\/MG_4565-1024x683.jpg 1024w, https:\/\/naea.website\/wp-content\/uploads\/2023\/06\/MG_4565-300x200.jpg 300w, https:\/\/naea.website\/wp-content\/uploads\/2023\/06\/MG_4565-768x512.jpg 768w, https:\/\/naea.website\/wp-content\/uploads\/2023\/06\/MG_4565-1536x1024.jpg 1536w, https:\/\/naea.website\/wp-content\/uploads\/2023\/06\/MG_4565-2048x1365.jpg 2048w, https:\/\/naea.website\/wp-content\/uploads\/2023\/06\/MG_4565-570x380.jpg 570w, https:\/\/naea.website\/wp-content\/uploads\/2023\/06\/MG_4565-380x254.jpg 380w, https:\/\/naea.website\/wp-content\/uploads\/2023\/06\/MG_4565-285x190.jpg 285w\" sizes=\"(max-width: 1024px) 100vw, 1024px\" \/><\/figure>\n<\/div>\n\n\n\n<div class=\"wp-block-column is-layout-flow wp-block-column-is-layout-flow\">\n<figure class=\"wp-block-image size-large\"><img decoding=\"async\" loading=\"lazy\" width=\"1024\" height=\"683\" src=\"https:\/\/naea.website\/wp-content\/uploads\/2023\/06\/MG_4563-1024x683.jpg\" alt=\"\" class=\"wp-image-359\" srcset=\"https:\/\/naea.website\/wp-content\/uploads\/2023\/06\/MG_4563-1024x683.jpg 1024w, https:\/\/naea.website\/wp-content\/uploads\/2023\/06\/MG_4563-300x200.jpg 300w, https:\/\/naea.website\/wp-content\/uploads\/2023\/06\/MG_4563-768x512.jpg 768w, https:\/\/naea.website\/wp-content\/uploads\/2023\/06\/MG_4563-1536x1024.jpg 1536w, https:\/\/naea.website\/wp-content\/uploads\/2023\/06\/MG_4563-2048x1365.jpg 2048w, https:\/\/naea.website\/wp-content\/uploads\/2023\/06\/MG_4563-570x380.jpg 570w, https:\/\/naea.website\/wp-content\/uploads\/2023\/06\/MG_4563-380x254.jpg 380w, https:\/\/naea.website\/wp-content\/uploads\/2023\/06\/MG_4563-285x190.jpg 285w\" sizes=\"(max-width: 1024px) 100vw, 1024px\" \/><\/figure>\n<\/div>\n<\/div>\n\n\n\n<div class=\"wp-block-columns is-layout-flex wp-container-12 wp-block-columns-is-layout-flex\">\n<div class=\"wp-block-column is-layout-flow wp-block-column-is-layout-flow\">\n<figure class=\"wp-block-image size-large\"><img decoding=\"async\" loading=\"lazy\" width=\"1024\" height=\"683\" src=\"https:\/\/naea.website\/wp-content\/uploads\/2023\/06\/MG_4550-1024x683.jpg\" alt=\"\" class=\"wp-image-360\" srcset=\"https:\/\/naea.website\/wp-content\/uploads\/2023\/06\/MG_4550-1024x683.jpg 1024w, https:\/\/naea.website\/wp-content\/uploads\/2023\/06\/MG_4550-300x200.jpg 300w, https:\/\/naea.website\/wp-content\/uploads\/2023\/06\/MG_4550-768x512.jpg 768w, https:\/\/naea.website\/wp-content\/uploads\/2023\/06\/MG_4550-1536x1024.jpg 1536w, https:\/\/naea.website\/wp-content\/uploads\/2023\/06\/MG_4550-2048x1365.jpg 2048w, https:\/\/naea.website\/wp-content\/uploads\/2023\/06\/MG_4550-570x380.jpg 570w, https:\/\/naea.website\/wp-content\/uploads\/2023\/06\/MG_4550-380x254.jpg 380w, https:\/\/naea.website\/wp-content\/uploads\/2023\/06\/MG_4550-285x190.jpg 285w\" sizes=\"(max-width: 1024px) 100vw, 1024px\" \/><\/figure>\n<\/div>\n\n\n\n<div class=\"wp-block-column is-layout-flow wp-block-column-is-layout-flow\">\n<figure class=\"wp-block-image size-large\"><img decoding=\"async\" loading=\"lazy\" width=\"1024\" height=\"683\" src=\"https:\/\/naea.website\/wp-content\/uploads\/2023\/06\/MG_4547-1024x683.jpg\" alt=\"\" class=\"wp-image-361\" srcset=\"https:\/\/naea.website\/wp-content\/uploads\/2023\/06\/MG_4547-1024x683.jpg 1024w, https:\/\/naea.website\/wp-content\/uploads\/2023\/06\/MG_4547-300x200.jpg 300w, https:\/\/naea.website\/wp-content\/uploads\/2023\/06\/MG_4547-768x512.jpg 768w, https:\/\/naea.website\/wp-content\/uploads\/2023\/06\/MG_4547-1536x1024.jpg 1536w, https:\/\/naea.website\/wp-content\/uploads\/2023\/06\/MG_4547-2048x1365.jpg 2048w, https:\/\/naea.website\/wp-content\/uploads\/2023\/06\/MG_4547-570x380.jpg 570w, https:\/\/naea.website\/wp-content\/uploads\/2023\/06\/MG_4547-380x254.jpg 380w, https:\/\/naea.website\/wp-content\/uploads\/2023\/06\/MG_4547-285x190.jpg 285w\" sizes=\"(max-width: 1024px) 100vw, 1024px\" \/><\/figure>\n<\/div>\n\n\n\n<div class=\"wp-block-column is-layout-flow wp-block-column-is-layout-flow\">\n<figure class=\"wp-block-image size-large\"><img decoding=\"async\" loading=\"lazy\" width=\"1024\" height=\"683\" src=\"https:\/\/naea.website\/wp-content\/uploads\/2023\/06\/MG_4538-1024x683.jpg\" alt=\"\" class=\"wp-image-362\" srcset=\"https:\/\/naea.website\/wp-content\/uploads\/2023\/06\/MG_4538-1024x683.jpg 1024w, https:\/\/naea.website\/wp-content\/uploads\/2023\/06\/MG_4538-300x200.jpg 300w, https:\/\/naea.website\/wp-content\/uploads\/2023\/06\/MG_4538-768x512.jpg 768w, https:\/\/naea.website\/wp-content\/uploads\/2023\/06\/MG_4538-1536x1024.jpg 1536w, https:\/\/naea.website\/wp-content\/uploads\/2023\/06\/MG_4538-2048x1365.jpg 2048w, https:\/\/naea.website\/wp-content\/uploads\/2023\/06\/MG_4538-570x380.jpg 570w, https:\/\/naea.website\/wp-content\/uploads\/2023\/06\/MG_4538-380x254.jpg 380w, https:\/\/naea.website\/wp-content\/uploads\/2023\/06\/MG_4538-285x190.jpg 285w\" sizes=\"(max-width: 1024px) 100vw, 1024px\" \/><\/figure>\n<\/div>\n<\/div>\n\n\n\n<div class=\"wp-block-columns is-layout-flex wp-container-16 wp-block-columns-is-layout-flex\">\n<div class=\"wp-block-column is-layout-flow wp-block-column-is-layout-flow\">\n<figure class=\"wp-block-image size-large\"><img decoding=\"async\" loading=\"lazy\" width=\"1024\" height=\"683\" src=\"https:\/\/naea.website\/wp-content\/uploads\/2023\/06\/MG_4524-1024x683.jpg\" alt=\"\" class=\"wp-image-363\" srcset=\"https:\/\/naea.website\/wp-content\/uploads\/2023\/06\/MG_4524-1024x683.jpg 1024w, https:\/\/naea.website\/wp-content\/uploads\/2023\/06\/MG_4524-300x200.jpg 300w, https:\/\/naea.website\/wp-content\/uploads\/2023\/06\/MG_4524-768x512.jpg 768w, https:\/\/naea.website\/wp-content\/uploads\/2023\/06\/MG_4524-1536x1024.jpg 1536w, https:\/\/naea.website\/wp-content\/uploads\/2023\/06\/MG_4524-2048x1365.jpg 2048w, https:\/\/naea.website\/wp-content\/uploads\/2023\/06\/MG_4524-570x380.jpg 570w, https:\/\/naea.website\/wp-content\/uploads\/2023\/06\/MG_4524-380x254.jpg 380w, https:\/\/naea.website\/wp-content\/uploads\/2023\/06\/MG_4524-285x190.jpg 285w\" sizes=\"(max-width: 1024px) 100vw, 1024px\" \/><\/figure>\n<\/div>\n\n\n\n<div class=\"wp-block-column is-layout-flow wp-block-column-is-layout-flow\">\n<figure class=\"wp-block-image size-large\"><img decoding=\"async\" loading=\"lazy\" width=\"1024\" height=\"683\" src=\"https:\/\/naea.website\/wp-content\/uploads\/2023\/06\/MG_4518-1024x683.jpg\" alt=\"\" class=\"wp-image-368\" srcset=\"https:\/\/naea.website\/wp-content\/uploads\/2023\/06\/MG_4518-1024x683.jpg 1024w, https:\/\/naea.website\/wp-content\/uploads\/2023\/06\/MG_4518-300x200.jpg 300w, https:\/\/naea.website\/wp-content\/uploads\/2023\/06\/MG_4518-768x512.jpg 768w, https:\/\/naea.website\/wp-content\/uploads\/2023\/06\/MG_4518-1536x1024.jpg 1536w, https:\/\/naea.website\/wp-content\/uploads\/2023\/06\/MG_4518-2048x1365.jpg 2048w, https:\/\/naea.website\/wp-content\/uploads\/2023\/06\/MG_4518-570x380.jpg 570w, https:\/\/naea.website\/wp-content\/uploads\/2023\/06\/MG_4518-380x254.jpg 380w, https:\/\/naea.website\/wp-content\/uploads\/2023\/06\/MG_4518-285x190.jpg 285w\" sizes=\"(max-width: 1024px) 100vw, 1024px\" \/><\/figure>\n<\/div>\n\n\n\n<div class=\"wp-block-column is-layout-flow wp-block-column-is-layout-flow\">\n<figure class=\"wp-block-image size-large\"><img decoding=\"async\" loading=\"lazy\" width=\"1024\" height=\"683\" src=\"https:\/\/naea.website\/wp-content\/uploads\/2023\/06\/MG_4499-1024x683.jpg\" alt=\"\" class=\"wp-image-365\" srcset=\"https:\/\/naea.website\/wp-content\/uploads\/2023\/06\/MG_4499-1024x683.jpg 1024w, https:\/\/naea.website\/wp-content\/uploads\/2023\/06\/MG_4499-300x200.jpg 300w, https:\/\/naea.website\/wp-content\/uploads\/2023\/06\/MG_4499-768x512.jpg 768w, https:\/\/naea.website\/wp-content\/uploads\/2023\/06\/MG_4499-1536x1024.jpg 1536w, https:\/\/naea.website\/wp-content\/uploads\/2023\/06\/MG_4499-2048x1365.jpg 2048w, https:\/\/naea.website\/wp-content\/uploads\/2023\/06\/MG_4499-570x380.jpg 570w, https:\/\/naea.website\/wp-content\/uploads\/2023\/06\/MG_4499-380x254.jpg 380w, https:\/\/naea.website\/wp-content\/uploads\/2023\/06\/MG_4499-285x190.jpg 285w\" sizes=\"(max-width: 1024px) 100vw, 1024px\" \/><\/figure>\n<\/div>\n<\/div>\n\n\n\n<div class=\"wp-block-columns is-layout-flex wp-container-20 wp-block-columns-is-layout-flex\">\n<div class=\"wp-block-column is-layout-flow wp-block-column-is-layout-flow\">\n<figure class=\"wp-block-image size-large\"><img decoding=\"async\" loading=\"lazy\" width=\"1024\" height=\"683\" src=\"https:\/\/naea.website\/wp-content\/uploads\/2023\/06\/MG_4484-1024x683.jpg\" alt=\"\" class=\"wp-image-366\" srcset=\"https:\/\/naea.website\/wp-content\/uploads\/2023\/06\/MG_4484-1024x683.jpg 1024w, https:\/\/naea.website\/wp-content\/uploads\/2023\/06\/MG_4484-300x200.jpg 300w, https:\/\/naea.website\/wp-content\/uploads\/2023\/06\/MG_4484-768x512.jpg 768w, https:\/\/naea.website\/wp-content\/uploads\/2023\/06\/MG_4484-1536x1024.jpg 1536w, https:\/\/naea.website\/wp-content\/uploads\/2023\/06\/MG_4484-2048x1365.jpg 2048w, https:\/\/naea.website\/wp-content\/uploads\/2023\/06\/MG_4484-570x380.jpg 570w, https:\/\/naea.website\/wp-content\/uploads\/2023\/06\/MG_4484-380x254.jpg 380w, https:\/\/naea.website\/wp-content\/uploads\/2023\/06\/MG_4484-285x190.jpg 285w\" sizes=\"(max-width: 1024px) 100vw, 1024px\" \/><\/figure>\n<\/div>\n\n\n\n<div class=\"wp-block-column is-layout-flow wp-block-column-is-layout-flow\">\n<figure class=\"wp-block-image size-large\"><img decoding=\"async\" loading=\"lazy\" width=\"1024\" height=\"683\" src=\"https:\/\/naea.website\/wp-content\/uploads\/2023\/06\/MG_4479-1024x683.jpg\" alt=\"\" class=\"wp-image-367\" srcset=\"https:\/\/naea.website\/wp-content\/uploads\/2023\/06\/MG_4479-1024x683.jpg 1024w, https:\/\/naea.website\/wp-content\/uploads\/2023\/06\/MG_4479-300x200.jpg 300w, https:\/\/naea.website\/wp-content\/uploads\/2023\/06\/MG_4479-768x512.jpg 768w, https:\/\/naea.website\/wp-content\/uploads\/2023\/06\/MG_4479-1536x1024.jpg 1536w, https:\/\/naea.website\/wp-content\/uploads\/2023\/06\/MG_4479-2048x1365.jpg 2048w, https:\/\/naea.website\/wp-content\/uploads\/2023\/06\/MG_4479-570x380.jpg 570w, https:\/\/naea.website\/wp-content\/uploads\/2023\/06\/MG_4479-380x254.jpg 380w, https:\/\/naea.website\/wp-content\/uploads\/2023\/06\/MG_4479-285x190.jpg 285w\" sizes=\"(max-width: 1024px) 100vw, 1024px\" \/><\/figure>\n<\/div>\n\n\n\n<div class=\"wp-block-column is-layout-flow wp-block-column-is-layout-flow\"><\/div>\n<\/div>\n","protected":false},"excerpt":{"rendered":"","protected":false},"author":1,"featured_media":0,"parent":0,"menu_order":0,"comment_status":"closed","ping_status":"closed","template":"","meta":{"footnotes":""},"_links":{"self":[{"href":"https:\/\/naea.website\/index.php\/wp-json\/wp\/v2\/pages\/353"}],"collection":[{"href":"https:\/\/naea.website\/index.php\/wp-json\/wp\/v2\/pages"}],"about":[{"href":"https:\/\/naea.website\/index.php\/wp-json\/wp\/v2\/types\/page"}],"author":[{"embeddable":true,"href":"https:\/\/naea.website\/index.php\/wp-json\/wp\/v2\/users\/1"}],"replies":[{"embeddable":true,"href":"https:\/\/naea.website\/index.php\/wp-json\/wp\/v2\/comments?post=353"}],"version-history":[{"count":2,"href":"https:\/\/naea.website\/index.php\/wp-json\/wp\/v2\/pages\/353\/revisions"}],"predecessor-version":[{"id":373,"href":"https:\/\/naea.website\/index.php\/wp-json\/wp\/v2\/pages\/353\/revisions\/373"}],"wp:attachment":[{"href":"https:\/\/naea.website\/index.php\/wp-json\/wp\/v2\/media?parent=353"}],"curies":[{"name":"wp","href":"https:\/\/api.w.org\/{rel}","templated":true}]}}