{"id":331,"date":"2023-06-22T15:50:28","date_gmt":"2023-06-22T18:50:28","guid":{"rendered":"https:\/\/naea.website\/?page_id=331"},"modified":"2023-06-22T15:52:48","modified_gmt":"2023-06-22T18:52:48","slug":"simposio-desenvolvimento-sustentabilidade-biodiversidade-e-populacoes-tradicionais-na-pan-amazonia","status":"publish","type":"page","link":"https:\/\/naea.website\/index.php\/simposio-desenvolvimento-sustentabilidade-biodiversidade-e-populacoes-tradicionais-na-pan-amazonia\/","title":{"rendered":"Simp\u00f3sio \u201cDesenvolvimento, Sustentabilidade, Biodiversidade e Popula\u00e7\u00f5es Tradicionais na Pan-amaz\u00f4nia"},"content":{"rendered":"\n<div class=\"wp-block-columns is-layout-flex wp-container-4 wp-block-columns-is-layout-flex\">\n<div class=\"wp-block-column is-layout-flow wp-block-column-is-layout-flow\">\n<figure class=\"wp-block-image size-large\"><img decoding=\"async\" loading=\"lazy\" width=\"1024\" height=\"683\" src=\"https:\/\/naea.website\/wp-content\/uploads\/2023\/06\/MG_4471-1024x683.jpg\" alt=\"\" class=\"wp-image-332\" srcset=\"https:\/\/naea.website\/wp-content\/uploads\/2023\/06\/MG_4471-1024x683.jpg 1024w, https:\/\/naea.website\/wp-content\/uploads\/2023\/06\/MG_4471-300x200.jpg 300w, https:\/\/naea.website\/wp-content\/uploads\/2023\/06\/MG_4471-768x512.jpg 768w, https:\/\/naea.website\/wp-content\/uploads\/2023\/06\/MG_4471-1536x1024.jpg 1536w, https:\/\/naea.website\/wp-content\/uploads\/2023\/06\/MG_4471-2048x1365.jpg 2048w, https:\/\/naea.website\/wp-content\/uploads\/2023\/06\/MG_4471-570x380.jpg 570w, https:\/\/naea.website\/wp-content\/uploads\/2023\/06\/MG_4471-380x254.jpg 380w, https:\/\/naea.website\/wp-content\/uploads\/2023\/06\/MG_4471-285x190.jpg 285w\" sizes=\"(max-width: 1024px) 100vw, 1024px\" \/><\/figure>\n<\/div>\n\n\n\n<div class=\"wp-block-column is-layout-flow wp-block-column-is-layout-flow\">\n<figure class=\"wp-block-image size-large\"><img decoding=\"async\" loading=\"lazy\" width=\"1024\" height=\"683\" src=\"https:\/\/naea.website\/wp-content\/uploads\/2023\/06\/MG_4435-1024x683.jpg\" alt=\"\" class=\"wp-image-333\" srcset=\"https:\/\/naea.website\/wp-content\/uploads\/2023\/06\/MG_4435-1024x683.jpg 1024w, https:\/\/naea.website\/wp-content\/uploads\/2023\/06\/MG_4435-300x200.jpg 300w, https:\/\/naea.website\/wp-content\/uploads\/2023\/06\/MG_4435-768x512.jpg 768w, https:\/\/naea.website\/wp-content\/uploads\/2023\/06\/MG_4435-1536x1024.jpg 1536w, https:\/\/naea.website\/wp-content\/uploads\/2023\/06\/MG_4435-2048x1365.jpg 2048w, https:\/\/naea.website\/wp-content\/uploads\/2023\/06\/MG_4435-570x380.jpg 570w, https:\/\/naea.website\/wp-content\/uploads\/2023\/06\/MG_4435-380x254.jpg 380w, https:\/\/naea.website\/wp-content\/uploads\/2023\/06\/MG_4435-285x190.jpg 285w\" sizes=\"(max-width: 1024px) 100vw, 1024px\" \/><\/figure>\n<\/div>\n\n\n\n<div class=\"wp-block-column is-layout-flow wp-block-column-is-layout-flow\">\n<figure class=\"wp-block-image size-large\"><img decoding=\"async\" loading=\"lazy\" width=\"1024\" height=\"683\" src=\"https:\/\/naea.website\/wp-content\/uploads\/2023\/06\/MG_4408-1024x683.jpg\" alt=\"\" class=\"wp-image-334\" srcset=\"https:\/\/naea.website\/wp-content\/uploads\/2023\/06\/MG_4408-1024x683.jpg 1024w, https:\/\/naea.website\/wp-content\/uploads\/2023\/06\/MG_4408-300x200.jpg 300w, https:\/\/naea.website\/wp-content\/uploads\/2023\/06\/MG_4408-768x512.jpg 768w, https:\/\/naea.website\/wp-content\/uploads\/2023\/06\/MG_4408-1536x1024.jpg 1536w, https:\/\/naea.website\/wp-content\/uploads\/2023\/06\/MG_4408-2048x1365.jpg 2048w, https:\/\/naea.website\/wp-content\/uploads\/2023\/06\/MG_4408-570x380.jpg 570w, https:\/\/naea.website\/wp-content\/uploads\/2023\/06\/MG_4408-380x254.jpg 380w, https:\/\/naea.website\/wp-content\/uploads\/2023\/06\/MG_4408-285x190.jpg 285w\" sizes=\"(max-width: 1024px) 100vw, 1024px\" \/><\/figure>\n<\/div>\n<\/div>\n\n\n\n<div class=\"wp-block-columns is-layout-flex wp-container-8 wp-block-columns-is-layout-flex\">\n<div class=\"wp-block-column is-layout-flow wp-block-column-is-layout-flow\">\n<figure class=\"wp-block-image size-large\"><img decoding=\"async\" loading=\"lazy\" width=\"1024\" height=\"683\" src=\"https:\/\/naea.website\/wp-content\/uploads\/2023\/06\/MG_4403-1024x683.jpg\" alt=\"\" class=\"wp-image-335\" srcset=\"https:\/\/naea.website\/wp-content\/uploads\/2023\/06\/MG_4403-1024x683.jpg 1024w, https:\/\/naea.website\/wp-content\/uploads\/2023\/06\/MG_4403-300x200.jpg 300w, https:\/\/naea.website\/wp-content\/uploads\/2023\/06\/MG_4403-768x512.jpg 768w, https:\/\/naea.website\/wp-content\/uploads\/2023\/06\/MG_4403-1536x1024.jpg 1536w, https:\/\/naea.website\/wp-content\/uploads\/2023\/06\/MG_4403-2048x1365.jpg 2048w, https:\/\/naea.website\/wp-content\/uploads\/2023\/06\/MG_4403-570x380.jpg 570w, https:\/\/naea.website\/wp-content\/uploads\/2023\/06\/MG_4403-380x254.jpg 380w, https:\/\/naea.website\/wp-content\/uploads\/2023\/06\/MG_4403-285x190.jpg 285w\" sizes=\"(max-width: 1024px) 100vw, 1024px\" \/><\/figure>\n<\/div>\n\n\n\n<div class=\"wp-block-column is-layout-flow wp-block-column-is-layout-flow\">\n<figure class=\"wp-block-image size-large\"><img decoding=\"async\" loading=\"lazy\" width=\"1024\" height=\"683\" src=\"https:\/\/naea.website\/wp-content\/uploads\/2023\/06\/MG_4394-1024x683.jpg\" alt=\"\" class=\"wp-image-336\" srcset=\"https:\/\/naea.website\/wp-content\/uploads\/2023\/06\/MG_4394-1024x683.jpg 1024w, https:\/\/naea.website\/wp-content\/uploads\/2023\/06\/MG_4394-300x200.jpg 300w, https:\/\/naea.website\/wp-content\/uploads\/2023\/06\/MG_4394-768x512.jpg 768w, https:\/\/naea.website\/wp-content\/uploads\/2023\/06\/MG_4394-1536x1024.jpg 1536w, https:\/\/naea.website\/wp-content\/uploads\/2023\/06\/MG_4394-2048x1365.jpg 2048w, https:\/\/naea.website\/wp-content\/uploads\/2023\/06\/MG_4394-570x380.jpg 570w, https:\/\/naea.website\/wp-content\/uploads\/2023\/06\/MG_4394-380x254.jpg 380w, https:\/\/naea.website\/wp-content\/uploads\/2023\/06\/MG_4394-285x190.jpg 285w\" sizes=\"(max-width: 1024px) 100vw, 1024px\" \/><\/figure>\n<\/div>\n\n\n\n<div class=\"wp-block-column is-layout-flow wp-block-column-is-layout-flow\">\n<figure class=\"wp-block-image size-large\"><img decoding=\"async\" loading=\"lazy\" width=\"1024\" height=\"683\" src=\"https:\/\/naea.website\/wp-content\/uploads\/2023\/06\/MG_4387-1024x683.jpg\" alt=\"\" class=\"wp-image-337\" srcset=\"https:\/\/naea.website\/wp-content\/uploads\/2023\/06\/MG_4387-1024x683.jpg 1024w, https:\/\/naea.website\/wp-content\/uploads\/2023\/06\/MG_4387-300x200.jpg 300w, https:\/\/naea.website\/wp-content\/uploads\/2023\/06\/MG_4387-768x512.jpg 768w, https:\/\/naea.website\/wp-content\/uploads\/2023\/06\/MG_4387-1536x1024.jpg 1536w, https:\/\/naea.website\/wp-content\/uploads\/2023\/06\/MG_4387-2048x1365.jpg 2048w, https:\/\/naea.website\/wp-content\/uploads\/2023\/06\/MG_4387-570x380.jpg 570w, https:\/\/naea.website\/wp-content\/uploads\/2023\/06\/MG_4387-380x254.jpg 380w, https:\/\/naea.website\/wp-content\/uploads\/2023\/06\/MG_4387-285x190.jpg 285w\" sizes=\"(max-width: 1024px) 100vw, 1024px\" \/><\/figure>\n<\/div>\n<\/div>\n\n\n\n<div class=\"wp-block-columns is-layout-flex wp-container-12 wp-block-columns-is-layout-flex\">\n<div class=\"wp-block-column is-layout-flow wp-block-column-is-layout-flow\">\n<figure class=\"wp-block-image size-large\"><img decoding=\"async\" loading=\"lazy\" width=\"1024\" height=\"683\" src=\"https:\/\/naea.website\/wp-content\/uploads\/2023\/06\/MG_4343-1024x683.jpg\" alt=\"\" class=\"wp-image-338\" srcset=\"https:\/\/naea.website\/wp-content\/uploads\/2023\/06\/MG_4343-1024x683.jpg 1024w, https:\/\/naea.website\/wp-content\/uploads\/2023\/06\/MG_4343-300x200.jpg 300w, https:\/\/naea.website\/wp-content\/uploads\/2023\/06\/MG_4343-768x512.jpg 768w, https:\/\/naea.website\/wp-content\/uploads\/2023\/06\/MG_4343-1536x1024.jpg 1536w, https:\/\/naea.website\/wp-content\/uploads\/2023\/06\/MG_4343-2048x1365.jpg 2048w, https:\/\/naea.website\/wp-content\/uploads\/2023\/06\/MG_4343-570x380.jpg 570w, https:\/\/naea.website\/wp-content\/uploads\/2023\/06\/MG_4343-380x254.jpg 380w, https:\/\/naea.website\/wp-content\/uploads\/2023\/06\/MG_4343-285x190.jpg 285w\" sizes=\"(max-width: 1024px) 100vw, 1024px\" \/><\/figure>\n<\/div>\n\n\n\n<div class=\"wp-block-column is-layout-flow wp-block-column-is-layout-flow\">\n<figure class=\"wp-block-image size-large\"><img decoding=\"async\" loading=\"lazy\" width=\"1024\" height=\"683\" src=\"https:\/\/naea.website\/wp-content\/uploads\/2023\/06\/MG_4326-1024x683.jpg\" alt=\"\" class=\"wp-image-342\" srcset=\"https:\/\/naea.website\/wp-content\/uploads\/2023\/06\/MG_4326-1024x683.jpg 1024w, https:\/\/naea.website\/wp-content\/uploads\/2023\/06\/MG_4326-300x200.jpg 300w, https:\/\/naea.website\/wp-content\/uploads\/2023\/06\/MG_4326-768x512.jpg 768w, https:\/\/naea.website\/wp-content\/uploads\/2023\/06\/MG_4326-1536x1024.jpg 1536w, https:\/\/naea.website\/wp-content\/uploads\/2023\/06\/MG_4326-2048x1365.jpg 2048w, https:\/\/naea.website\/wp-content\/uploads\/2023\/06\/MG_4326-570x380.jpg 570w, https:\/\/naea.website\/wp-content\/uploads\/2023\/06\/MG_4326-380x254.jpg 380w, https:\/\/naea.website\/wp-content\/uploads\/2023\/06\/MG_4326-285x190.jpg 285w\" sizes=\"(max-width: 1024px) 100vw, 1024px\" \/><\/figure>\n<\/div>\n\n\n\n<div class=\"wp-block-column is-layout-flow wp-block-column-is-layout-flow\">\n<figure class=\"wp-block-image size-large\"><img decoding=\"async\" loading=\"lazy\" width=\"1024\" height=\"683\" src=\"https:\/\/naea.website\/wp-content\/uploads\/2023\/06\/MG_4315-1024x683.jpg\" alt=\"\" class=\"wp-image-340\" srcset=\"https:\/\/naea.website\/wp-content\/uploads\/2023\/06\/MG_4315-1024x683.jpg 1024w, https:\/\/naea.website\/wp-content\/uploads\/2023\/06\/MG_4315-300x200.jpg 300w, https:\/\/naea.website\/wp-content\/uploads\/2023\/06\/MG_4315-768x512.jpg 768w, https:\/\/naea.website\/wp-content\/uploads\/2023\/06\/MG_4315-1536x1024.jpg 1536w, https:\/\/naea.website\/wp-content\/uploads\/2023\/06\/MG_4315-2048x1365.jpg 2048w, https:\/\/naea.website\/wp-content\/uploads\/2023\/06\/MG_4315-570x380.jpg 570w, https:\/\/naea.website\/wp-content\/uploads\/2023\/06\/MG_4315-380x254.jpg 380w, https:\/\/naea.website\/wp-content\/uploads\/2023\/06\/MG_4315-285x190.jpg 285w\" sizes=\"(max-width: 1024px) 100vw, 1024px\" \/><\/figure>\n<\/div>\n<\/div>\n\n\n\n<div class=\"wp-block-columns is-layout-flex wp-container-15 wp-block-columns-is-layout-flex\">\n<div class=\"wp-block-column is-layout-flow wp-block-column-is-layout-flow\">\n<figure class=\"wp-block-image size-large\"><img decoding=\"async\" loading=\"lazy\" width=\"1024\" height=\"683\" src=\"https:\/\/naea.website\/wp-content\/uploads\/2023\/06\/MG_4301-1024x683.jpg\" alt=\"\" class=\"wp-image-341\" srcset=\"https:\/\/naea.website\/wp-content\/uploads\/2023\/06\/MG_4301-1024x683.jpg 1024w, https:\/\/naea.website\/wp-content\/uploads\/2023\/06\/MG_4301-300x200.jpg 300w, https:\/\/naea.website\/wp-content\/uploads\/2023\/06\/MG_4301-768x512.jpg 768w, https:\/\/naea.website\/wp-content\/uploads\/2023\/06\/MG_4301-1536x1024.jpg 1536w, https:\/\/naea.website\/wp-content\/uploads\/2023\/06\/MG_4301-2048x1365.jpg 2048w, https:\/\/naea.website\/wp-content\/uploads\/2023\/06\/MG_4301-570x380.jpg 570w, https:\/\/naea.website\/wp-content\/uploads\/2023\/06\/MG_4301-380x254.jpg 380w, https:\/\/naea.website\/wp-content\/uploads\/2023\/06\/MG_4301-285x190.jpg 285w\" sizes=\"(max-width: 1024px) 100vw, 1024px\" \/><\/figure>\n<\/div>\n\n\n\n<div class=\"wp-block-column is-layout-flow wp-block-column-is-layout-flow\">\n<figure class=\"wp-block-image size-large\"><img decoding=\"async\" loading=\"lazy\" width=\"1024\" height=\"683\" src=\"https:\/\/naea.website\/wp-content\/uploads\/2023\/06\/MG_4289-1024x683.jpg\" alt=\"\" class=\"wp-image-343\" srcset=\"https:\/\/naea.website\/wp-content\/uploads\/2023\/06\/MG_4289-1024x683.jpg 1024w, https:\/\/naea.website\/wp-content\/uploads\/2023\/06\/MG_4289-300x200.jpg 300w, https:\/\/naea.website\/wp-content\/uploads\/2023\/06\/MG_4289-768x512.jpg 768w, https:\/\/naea.website\/wp-content\/uploads\/2023\/06\/MG_4289-1536x1024.jpg 1536w, https:\/\/naea.website\/wp-content\/uploads\/2023\/06\/MG_4289-2048x1365.jpg 2048w, https:\/\/naea.website\/wp-content\/uploads\/2023\/06\/MG_4289-570x380.jpg 570w, https:\/\/naea.website\/wp-content\/uploads\/2023\/06\/MG_4289-380x254.jpg 380w, https:\/\/naea.website\/wp-content\/uploads\/2023\/06\/MG_4289-285x190.jpg 285w\" sizes=\"(max-width: 1024px) 100vw, 1024px\" \/><\/figure>\n<\/div>\n<\/div>\n\n\n\n<div class=\"wp-block-columns is-layout-flex wp-container-18 wp-block-columns-is-layout-flex\">\n<div class=\"wp-block-column is-layout-flow wp-block-column-is-layout-flow\">\n<figure class=\"wp-block-image size-large\"><img decoding=\"async\" loading=\"lazy\" width=\"1024\" height=\"683\" src=\"https:\/\/naea.website\/wp-content\/uploads\/2023\/06\/MG_4280-1-1024x683.jpg\" alt=\"\" class=\"wp-image-345\" srcset=\"https:\/\/naea.website\/wp-content\/uploads\/2023\/06\/MG_4280-1-1024x683.jpg 1024w, https:\/\/naea.website\/wp-content\/uploads\/2023\/06\/MG_4280-1-300x200.jpg 300w, https:\/\/naea.website\/wp-content\/uploads\/2023\/06\/MG_4280-1-768x512.jpg 768w, https:\/\/naea.website\/wp-content\/uploads\/2023\/06\/MG_4280-1-1536x1024.jpg 1536w, https:\/\/naea.website\/wp-content\/uploads\/2023\/06\/MG_4280-1-2048x1365.jpg 2048w, https:\/\/naea.website\/wp-content\/uploads\/2023\/06\/MG_4280-1-570x380.jpg 570w, https:\/\/naea.website\/wp-content\/uploads\/2023\/06\/MG_4280-1-380x254.jpg 380w, https:\/\/naea.website\/wp-content\/uploads\/2023\/06\/MG_4280-1-285x190.jpg 285w\" sizes=\"(max-width: 1024px) 100vw, 1024px\" \/><\/figure>\n<\/div>\n\n\n\n<div class=\"wp-block-column is-layout-flow wp-block-column-is-layout-flow\">\n<figure class=\"wp-block-image size-large\"><img decoding=\"async\" loading=\"lazy\" width=\"1024\" height=\"683\" src=\"https:\/\/naea.website\/wp-content\/uploads\/2023\/06\/MG_4269-1024x683.jpg\" alt=\"\" class=\"wp-image-346\" srcset=\"https:\/\/naea.website\/wp-content\/uploads\/2023\/06\/MG_4269-1024x683.jpg 1024w, https:\/\/naea.website\/wp-content\/uploads\/2023\/06\/MG_4269-300x200.jpg 300w, https:\/\/naea.website\/wp-content\/uploads\/2023\/06\/MG_4269-768x512.jpg 768w, https:\/\/naea.website\/wp-content\/uploads\/2023\/06\/MG_4269-1536x1024.jpg 1536w, https:\/\/naea.website\/wp-content\/uploads\/2023\/06\/MG_4269-2048x1365.jpg 2048w, https:\/\/naea.website\/wp-content\/uploads\/2023\/06\/MG_4269-570x380.jpg 570w, https:\/\/naea.website\/wp-content\/uploads\/2023\/06\/MG_4269-380x254.jpg 380w, https:\/\/naea.website\/wp-content\/uploads\/2023\/06\/MG_4269-285x190.jpg 285w\" sizes=\"(max-width: 1024px) 100vw, 1024px\" \/><\/figure>\n<\/div>\n<\/div>\n","protected":false},"excerpt":{"rendered":"","protected":false},"author":1,"featured_media":0,"parent":0,"menu_order":0,"comment_status":"closed","ping_status":"closed","template":"","meta":{"footnotes":""},"_links":{"self":[{"href":"https:\/\/naea.website\/index.php\/wp-json\/wp\/v2\/pages\/331"}],"collection":[{"href":"https:\/\/naea.website\/index.php\/wp-json\/wp\/v2\/pages"}],"about":[{"href":"https:\/\/naea.website\/index.php\/wp-json\/wp\/v2\/types\/page"}],"author":[{"embeddable":true,"href":"https:\/\/naea.website\/index.php\/wp-json\/wp\/v2\/users\/1"}],"replies":[{"embeddable":true,"href":"https:\/\/naea.website\/index.php\/wp-json\/wp\/v2\/comments?post=331"}],"version-history":[{"count":3,"href":"https:\/\/naea.website\/index.php\/wp-json\/wp\/v2\/pages\/331\/revisions"}],"predecessor-version":[{"id":352,"href":"https:\/\/naea.website\/index.php\/wp-json\/wp\/v2\/pages\/331\/revisions\/352"}],"wp:attachment":[{"href":"https:\/\/naea.website\/index.php\/wp-json\/wp\/v2\/media?parent=331"}],"curies":[{"name":"wp","href":"https:\/\/api.w.org\/{rel}","templated":true}]}}