{"id":30,"date":"2023-02-28T10:09:57","date_gmt":"2023-02-28T13:09:57","guid":{"rendered":"https:\/\/naea.website\/?page_id=30"},"modified":"2023-08-23T14:34:41","modified_gmt":"2023-08-23T17:34:41","slug":"galeria-de-fotos","status":"publish","type":"page","link":"https:\/\/naea.website\/index.php\/galeria-de-fotos\/","title":{"rendered":"Galeria de Fotos"},"content":{"rendered":"\n<p><strong>Confira a nossa Galeria de Fotos. Clique na Imagem abaixo para abrir a respectiva Galeria.<\/strong><\/p>\n\n\n\n<div class=\"wp-block-columns is-layout-flex wp-container-4 wp-block-columns-is-layout-flex\">\n<div class=\"wp-block-column is-layout-flow wp-block-column-is-layout-flow\">\n<figure class=\"wp-block-image size-large\"><a href=\"https:\/\/naea.website\/index.php\/ii-coloquio-internacional-do-geam\/\" target=\"_blank\" rel=\"noreferrer noopener\"><img decoding=\"async\" loading=\"lazy\" width=\"1024\" height=\"683\" src=\"https:\/\/naea.website\/wp-content\/uploads\/2023\/08\/MG_5055-1024x683.jpg\" alt=\"\" class=\"wp-image-597\" srcset=\"https:\/\/naea.website\/wp-content\/uploads\/2023\/08\/MG_5055-1024x683.jpg 1024w, https:\/\/naea.website\/wp-content\/uploads\/2023\/08\/MG_5055-300x200.jpg 300w, https:\/\/naea.website\/wp-content\/uploads\/2023\/08\/MG_5055-768x512.jpg 768w, https:\/\/naea.website\/wp-content\/uploads\/2023\/08\/MG_5055-1536x1024.jpg 1536w, https:\/\/naea.website\/wp-content\/uploads\/2023\/08\/MG_5055-2048x1365.jpg 2048w, https:\/\/naea.website\/wp-content\/uploads\/2023\/08\/MG_5055-570x380.jpg 570w, https:\/\/naea.website\/wp-content\/uploads\/2023\/08\/MG_5055-380x254.jpg 380w, https:\/\/naea.website\/wp-content\/uploads\/2023\/08\/MG_5055-285x190.jpg 285w\" sizes=\"(max-width: 1024px) 100vw, 1024px\" \/><\/a><figcaption class=\"wp-element-caption\"><strong>II Col\u00f3quio Internacional do GEAM <\/strong><br>28 a 30 de junho de 2023<br><strong>Prof\u00aa Dr\u00aa Marilena Loureiro (NAEA\/UFPA)<\/strong><br><\/figcaption><\/figure>\n\n\n\n<p><\/p>\n<\/div>\n\n\n\n<div class=\"wp-block-column is-layout-flow wp-block-column-is-layout-flow\">\n<figure class=\"wp-block-image size-large\"><a href=\"https:\/\/naea.website\/index.php\/seminario-teorias-da-violencia-seguranca-e-defesa-um-dialogo-entre-as-tendencias-teoricas-interpretativas-da-seguranca-publica-e-da-seguranca-internacional\/\" target=\"_blank\" rel=\"noreferrer noopener\"><img decoding=\"async\" loading=\"lazy\" width=\"1024\" height=\"683\" src=\"https:\/\/naea.website\/wp-content\/uploads\/2023\/06\/MG_4599-1024x683.jpg\" alt=\"\" class=\"wp-image-354\" srcset=\"https:\/\/naea.website\/wp-content\/uploads\/2023\/06\/MG_4599-1024x683.jpg 1024w, https:\/\/naea.website\/wp-content\/uploads\/2023\/06\/MG_4599-300x200.jpg 300w, https:\/\/naea.website\/wp-content\/uploads\/2023\/06\/MG_4599-768x512.jpg 768w, https:\/\/naea.website\/wp-content\/uploads\/2023\/06\/MG_4599-1536x1024.jpg 1536w, https:\/\/naea.website\/wp-content\/uploads\/2023\/06\/MG_4599-2048x1365.jpg 2048w, https:\/\/naea.website\/wp-content\/uploads\/2023\/06\/MG_4599-570x380.jpg 570w, https:\/\/naea.website\/wp-content\/uploads\/2023\/06\/MG_4599-380x254.jpg 380w, https:\/\/naea.website\/wp-content\/uploads\/2023\/06\/MG_4599-285x190.jpg 285w\" sizes=\"(max-width: 1024px) 100vw, 1024px\" \/><\/a><figcaption class=\"wp-element-caption\"><strong>Semin\u00e1rio Teorias da Viol\u00eancia, Seguran\u00e7a e Defesa: um di\u00e1logo entre as tend\u00eancias te\u00f3ricas interpretativas da Seguran\u00e7a P\u00fablica e da Seguran\u00e7a Internacional<\/strong><br>19 de junho de 2023<br><strong>Prof. Dr. Durbens Nascimento (NAEA) e Cauby Almeida (NAEA)<\/strong><\/figcaption><\/figure>\n<\/div>\n\n\n\n<div class=\"wp-block-column is-layout-flow wp-block-column-is-layout-flow\">\n<figure class=\"wp-block-image size-large\"><a href=\"https:\/\/naea.website\/index.php\/simposio-desenvolvimento-sustentabilidade-biodiversidade-e-populacoes-tradicionais-na-pan-amazonia\/\" target=\"_blank\" rel=\"noreferrer noopener\"><img decoding=\"async\" loading=\"lazy\" width=\"1024\" height=\"683\" src=\"https:\/\/naea.website\/wp-content\/uploads\/2023\/06\/MG_4326-1-1024x683.jpg\" alt=\"\" class=\"wp-image-348\" srcset=\"https:\/\/naea.website\/wp-content\/uploads\/2023\/06\/MG_4326-1-1024x683.jpg 1024w, https:\/\/naea.website\/wp-content\/uploads\/2023\/06\/MG_4326-1-300x200.jpg 300w, https:\/\/naea.website\/wp-content\/uploads\/2023\/06\/MG_4326-1-768x512.jpg 768w, https:\/\/naea.website\/wp-content\/uploads\/2023\/06\/MG_4326-1-1536x1024.jpg 1536w, https:\/\/naea.website\/wp-content\/uploads\/2023\/06\/MG_4326-1-2048x1365.jpg 2048w, https:\/\/naea.website\/wp-content\/uploads\/2023\/06\/MG_4326-1-570x380.jpg 570w, https:\/\/naea.website\/wp-content\/uploads\/2023\/06\/MG_4326-1-380x254.jpg 380w, https:\/\/naea.website\/wp-content\/uploads\/2023\/06\/MG_4326-1-285x190.jpg 285w\" sizes=\"(max-width: 1024px) 100vw, 1024px\" \/><\/a><figcaption class=\"wp-element-caption\"><strong>Simp\u00f3sio \u201cDesenvolvimento, Sustentabilidade, Biodiversidade e Popula\u00e7\u00f5es Tradicionais na Pan-amaz\u00f4nia<\/strong><br>15 de Junho de 2023<br><strong>Prof\u00aa Dr\u00aa Ligia Simonian (NAEA)<\/strong><\/figcaption><\/figure>\n<\/div>\n<\/div>\n\n\n\n<div class=\"wp-block-columns is-layout-flex wp-container-8 wp-block-columns-is-layout-flex\">\n<div class=\"wp-block-column is-layout-flow wp-block-column-is-layout-flow\">\n<figure class=\"wp-block-image size-large\"><a href=\"https:\/\/naea.website\/index.php\/ciclo-de-debates-do-gettam-ecologia-politica-e-insurgencias-a-proposito-de-territorios-coletivos-na-amazonia\/\" target=\"_blank\" rel=\"noreferrer noopener\"><img decoding=\"async\" loading=\"lazy\" width=\"1024\" height=\"683\" src=\"https:\/\/naea.website\/wp-content\/uploads\/2023\/06\/MG_4262-1024x683.jpg\" alt=\"\" class=\"wp-image-315\" srcset=\"https:\/\/naea.website\/wp-content\/uploads\/2023\/06\/MG_4262-1024x683.jpg 1024w, https:\/\/naea.website\/wp-content\/uploads\/2023\/06\/MG_4262-300x200.jpg 300w, https:\/\/naea.website\/wp-content\/uploads\/2023\/06\/MG_4262-768x512.jpg 768w, https:\/\/naea.website\/wp-content\/uploads\/2023\/06\/MG_4262-1536x1024.jpg 1536w, https:\/\/naea.website\/wp-content\/uploads\/2023\/06\/MG_4262-2048x1365.jpg 2048w, https:\/\/naea.website\/wp-content\/uploads\/2023\/06\/MG_4262-570x380.jpg 570w, https:\/\/naea.website\/wp-content\/uploads\/2023\/06\/MG_4262-380x254.jpg 380w, https:\/\/naea.website\/wp-content\/uploads\/2023\/06\/MG_4262-285x190.jpg 285w\" sizes=\"(max-width: 1024px) 100vw, 1024px\" \/><\/a><figcaption class=\"wp-element-caption\"><strong>Ciclo de debates do GETTAM: Ecologia Pol\u00edtica e insurg\u00eancias a prop\u00f3sito de territ\u00f3rios coletivos na Amaz\u00f4nia<\/strong><br>14 de junho de 2023<br><strong>Prof\u00aa Dr\u00aa Edna Castro (NAEA) e Dr. Eun\u00e1pio Dutra do Carmo (GETTAM\/NAEA)<\/strong><\/figcaption><\/figure>\n<\/div>\n\n\n\n<div class=\"wp-block-column is-layout-flow wp-block-column-is-layout-flow\">\n<figure class=\"wp-block-image size-large\"><a href=\"enanpur-encontro-nacional-da-associacao-nacional-de-pos-graduacao-e-pesquisa-em-planejamento-urbano-e-regional\" target=\"_blank\" rel=\"noreferrer noopener\"><img decoding=\"async\" loading=\"lazy\" width=\"1024\" height=\"683\" src=\"https:\/\/naea.website\/wp-content\/uploads\/2023\/06\/MG_3343-1024x683.jpg\" alt=\"\" class=\"wp-image-307\" srcset=\"https:\/\/naea.website\/wp-content\/uploads\/2023\/06\/MG_3343-1024x683.jpg 1024w, https:\/\/naea.website\/wp-content\/uploads\/2023\/06\/MG_3343-300x200.jpg 300w, https:\/\/naea.website\/wp-content\/uploads\/2023\/06\/MG_3343-768x512.jpg 768w, https:\/\/naea.website\/wp-content\/uploads\/2023\/06\/MG_3343-1536x1024.jpg 1536w, https:\/\/naea.website\/wp-content\/uploads\/2023\/06\/MG_3343-2048x1365.jpg 2048w, https:\/\/naea.website\/wp-content\/uploads\/2023\/06\/MG_3343-570x380.jpg 570w, https:\/\/naea.website\/wp-content\/uploads\/2023\/06\/MG_3343-380x254.jpg 380w, https:\/\/naea.website\/wp-content\/uploads\/2023\/06\/MG_3343-285x190.jpg 285w\" sizes=\"(max-width: 1024px) 100vw, 1024px\" \/><\/a><figcaption class=\"wp-element-caption\"><strong>ENANPUR \u2013 Encontro Nacional da Associa\u00e7\u00e3o Nacional de P\u00f3s-Gradua\u00e7\u00e3o e Pesquisa em Planejamento Urbano e Regional<\/strong><br>23 a 25 de maio de 2023<br><strong>NAEA e PPGArquitetura (Prof. Dr. Jos\u00e9 J\u00falio e equipe)<\/strong><\/figcaption><\/figure>\n<\/div>\n\n\n\n<div class=\"wp-block-column is-layout-flow wp-block-column-is-layout-flow\">\n<figure class=\"wp-block-image size-large\"><a href=\"https:\/\/naea.website\/index.php\/seminario-dadesa-por-uma-economia-substantiva-do-bioma-amazonia-reflexoes-sobre-o-desenvolvimento-regional-na-amazonia-do-seculo-xxi\/\" target=\"_blank\" rel=\"noreferrer noopener\"><img decoding=\"async\" loading=\"lazy\" width=\"1024\" height=\"487\" src=\"https:\/\/naea.website\/wp-content\/uploads\/2023\/04\/IMG_20230418_145124142-1024x487.jpg\" alt=\"\" class=\"wp-image-260\" srcset=\"https:\/\/naea.website\/wp-content\/uploads\/2023\/04\/IMG_20230418_145124142-1024x487.jpg 1024w, https:\/\/naea.website\/wp-content\/uploads\/2023\/04\/IMG_20230418_145124142-300x143.jpg 300w, https:\/\/naea.website\/wp-content\/uploads\/2023\/04\/IMG_20230418_145124142-768x366.jpg 768w, https:\/\/naea.website\/wp-content\/uploads\/2023\/04\/IMG_20230418_145124142-1536x731.jpg 1536w, https:\/\/naea.website\/wp-content\/uploads\/2023\/04\/IMG_20230418_145124142-2048x975.jpg 2048w\" sizes=\"(max-width: 1024px) 100vw, 1024px\" \/><\/a><figcaption class=\"wp-element-caption\"><strong>Semin\u00e1rio DADESA &#8211; Por uma economia substantiva do Bioma Amaz\u00f4nia: Reflex\u00f5es sobre o Desenvolvimento Regional na Amaz\u00f4nia do S\u00e9culo XXI<\/strong><br><em>18 e 19 de abril de 2023<\/em><br><strong>Prof. Dr. Ricardo Folhes (NAEA) e \u00e9 Prof. Dr. Francisco de Assis Costa (NAEA)<\/strong><\/figcaption><\/figure>\n<\/div>\n<\/div>\n\n\n\n<div class=\"wp-block-columns is-layout-flex wp-container-12 wp-block-columns-is-layout-flex\">\n<div class=\"wp-block-column is-layout-flow wp-block-column-is-layout-flow\">\n<figure class=\"wp-block-image size-full\"><a href=\"mesa-redonda-economia-amazonica-dos-e-com-povos-tradicionais\" target=\"_blank\" rel=\"noreferrer noopener\"><img decoding=\"async\" loading=\"lazy\" width=\"911\" height=\"486\" src=\"https:\/\/naea.website\/wp-content\/uploads\/2023\/04\/2-2.png\" alt=\"\" class=\"wp-image-249\" srcset=\"https:\/\/naea.website\/wp-content\/uploads\/2023\/04\/2-2.png 911w, https:\/\/naea.website\/wp-content\/uploads\/2023\/04\/2-2-300x160.png 300w, https:\/\/naea.website\/wp-content\/uploads\/2023\/04\/2-2-768x410.png 768w\" sizes=\"(max-width: 911px) 100vw, 911px\" \/><\/a><figcaption class=\"wp-element-caption\"><strong>Mesa Redonda \u2013 Economia Amaz\u00f4nica dos e com Povos Tradicionais<\/strong><br><em>28 de mar\u00e7o de 2023<\/em><br><strong>Prof. Dr. Thales Ravena (NAEA)<\/strong><\/figcaption><\/figure>\n<\/div>\n\n\n\n<div class=\"wp-block-column is-layout-flow wp-block-column-is-layout-flow\">\n<figure class=\"wp-block-image size-large\"><a href=\"https:\/\/naea.website\/index.php\/workshop-internacional-territorio-de-comunidades-tradicionais-face-as-mudancas-climaticas-debates-esituacionalidades\/\" target=\"_blank\" rel=\"noreferrer noopener\"><img decoding=\"async\" loading=\"lazy\" width=\"1024\" height=\"1024\" src=\"https:\/\/naea.website\/wp-content\/uploads\/2023\/04\/IMG-20230425-WA0078-1024x1024.jpg\" alt=\"\" class=\"wp-image-234\" srcset=\"https:\/\/naea.website\/wp-content\/uploads\/2023\/04\/IMG-20230425-WA0078-1024x1024.jpg 1024w, https:\/\/naea.website\/wp-content\/uploads\/2023\/04\/IMG-20230425-WA0078-300x300.jpg 300w, https:\/\/naea.website\/wp-content\/uploads\/2023\/04\/IMG-20230425-WA0078-150x150.jpg 150w, https:\/\/naea.website\/wp-content\/uploads\/2023\/04\/IMG-20230425-WA0078-768x768.jpg 768w, https:\/\/naea.website\/wp-content\/uploads\/2023\/04\/IMG-20230425-WA0078.jpg 1528w\" sizes=\"(max-width: 1024px) 100vw, 1024px\" \/><\/a><figcaption class=\"wp-element-caption\"><strong>Workshop Internacional Territ\u00f3rio de Comunidades Tradicionais face \u00e0s Mudan\u00e7as Clim\u00e1ticas: debates eSituacionalidades<\/strong><br><em>22 \u00e0 24 de mar\u00e7o de 2023<\/em><br><strong>Prof\u00aa Dr\u00aa Rosa Acevedo (NAEA)<\/strong><\/figcaption><\/figure>\n<\/div>\n\n\n\n<div class=\"wp-block-column is-layout-flow wp-block-column-is-layout-flow\">\n<figure class=\"wp-block-image size-full\"><a href=\"https:\/\/naea.website\/index.php\/seminario-turismo-e-desenvolvimento-regional-belem-3\/\" target=\"_blank\" rel=\"noreferrer noopener\"><img decoding=\"async\" loading=\"lazy\" width=\"843\" height=\"483\" src=\"https:\/\/naea.website\/wp-content\/uploads\/2023\/04\/2-1.png\" alt=\"\" class=\"wp-image-225\" srcset=\"https:\/\/naea.website\/wp-content\/uploads\/2023\/04\/2-1.png 843w, https:\/\/naea.website\/wp-content\/uploads\/2023\/04\/2-1-300x172.png 300w, https:\/\/naea.website\/wp-content\/uploads\/2023\/04\/2-1-768x440.png 768w\" sizes=\"(max-width: 843px) 100vw, 843px\" \/><\/a><figcaption class=\"wp-element-caption\"><strong>Semin\u00e1rio Turismo e Desenvolvimento Regional (Bel\u00e9m)<\/strong><br><em>17 de mar\u00e7o de 2023<\/em><br><strong>Prof. Dr. Silvio Figueiredo (Grupo de Pesquisa Turismo, Cultura e Meio Ambiente NAEA)<\/strong><\/figcaption><\/figure>\n<\/div>\n<\/div>\n\n\n\n<div class=\"wp-block-columns is-layout-flex wp-container-16 wp-block-columns-is-layout-flex\">\n<div class=\"wp-block-column is-layout-flow wp-block-column-is-layout-flow\">\n<figure class=\"wp-block-image size-large\"><a href=\"https:\/\/naea.website\/index.php\/galeria-de-fotos-naea-50-anos-com-a-comunidade-os-caminhos-do-campus-da-saude\/\" target=\"_blank\" rel=\"noreferrer noopener\"><img decoding=\"async\" loading=\"lazy\" width=\"1024\" height=\"768\" src=\"https:\/\/naea.website\/wp-content\/uploads\/2023\/04\/WhatsApp-Image-2023-04-19-at-3.27.59-PM-2-1024x768.jpeg\" alt=\"\" class=\"wp-image-198\" srcset=\"https:\/\/naea.website\/wp-content\/uploads\/2023\/04\/WhatsApp-Image-2023-04-19-at-3.27.59-PM-2-1024x768.jpeg 1024w, https:\/\/naea.website\/wp-content\/uploads\/2023\/04\/WhatsApp-Image-2023-04-19-at-3.27.59-PM-2-300x225.jpeg 300w, https:\/\/naea.website\/wp-content\/uploads\/2023\/04\/WhatsApp-Image-2023-04-19-at-3.27.59-PM-2-768x576.jpeg 768w, https:\/\/naea.website\/wp-content\/uploads\/2023\/04\/WhatsApp-Image-2023-04-19-at-3.27.59-PM-2-1536x1152.jpeg 1536w, https:\/\/naea.website\/wp-content\/uploads\/2023\/04\/WhatsApp-Image-2023-04-19-at-3.27.59-PM-2.jpeg 1600w\" sizes=\"(max-width: 1024px) 100vw, 1024px\" \/><\/a><figcaption class=\"wp-element-caption\"><strong>NAEA 50 anos com a Comunidade: Os caminhos do Campus da Sa\u00fade<\/strong><br><em>03 de mar\u00e7o de 2023<\/em><br><strong>Gina Calzavara (ITEC), Prof. Dr. Armin Mathis (NAEA), Prof\u00aa. Dra Mirleide Bahia (NAEA), Maria do Socorro Barbosa (NAEA), Ruthane da Silva (NAEA) e Silvana Chedieck (NAEA)<\/strong><\/figcaption><\/figure>\n<\/div>\n\n\n\n<div class=\"wp-block-column is-layout-flow wp-block-column-is-layout-flow\"><\/div>\n\n\n\n<div class=\"wp-block-column is-layout-flow wp-block-column-is-layout-flow\"><\/div>\n<\/div>\n\n\n\n<div class=\"wp-block-columns is-layout-flex wp-container-20 wp-block-columns-is-layout-flex\">\n<div class=\"wp-block-column is-layout-flow wp-block-column-is-layout-flow\"><\/div>\n\n\n\n<div class=\"wp-block-column is-layout-flow wp-block-column-is-layout-flow\"><\/div>\n\n\n\n<div class=\"wp-block-column is-layout-flow wp-block-column-is-layout-flow\"><\/div>\n<\/div>\n\n\n\n<div class=\"wp-block-columns is-layout-flex wp-container-24 wp-block-columns-is-layout-flex\">\n<div class=\"wp-block-column is-layout-flow wp-block-column-is-layout-flow\">\n<p><\/p>\n\n\n\n<p><\/p>\n<\/div>\n\n\n\n<div class=\"wp-block-column is-layout-flow wp-block-column-is-layout-flow\">\n<p><\/p>\n<\/div>\n\n\n\n<div class=\"wp-block-column is-layout-flow wp-block-column-is-layout-flow\">\n<p><\/p>\n<\/div>\n<\/div>\n\n\n\n<div class=\"wp-block-columns is-layout-flex wp-container-25 wp-block-columns-is-layout-flex\"><\/div>\n","protected":false},"excerpt":{"rendered":"<p>Confira a nossa Galeria de Fotos. Clique na Imagem abaixo para abrir a respectiva Galeria.<\/p>\n","protected":false},"author":1,"featured_media":196,"parent":0,"menu_order":0,"comment_status":"closed","ping_status":"closed","template":"","meta":{"footnotes":""},"_links":{"self":[{"href":"https:\/\/naea.website\/index.php\/wp-json\/wp\/v2\/pages\/30"}],"collection":[{"href":"https:\/\/naea.website\/index.php\/wp-json\/wp\/v2\/pages"}],"about":[{"href":"https:\/\/naea.website\/index.php\/wp-json\/wp\/v2\/types\/page"}],"author":[{"embeddable":true,"href":"https:\/\/naea.website\/index.php\/wp-json\/wp\/v2\/users\/1"}],"replies":[{"embeddable":true,"href":"https:\/\/naea.website\/index.php\/wp-json\/wp\/v2\/comments?post=30"}],"version-history":[{"count":20,"href":"https:\/\/naea.website\/index.php\/wp-json\/wp\/v2\/pages\/30\/revisions"}],"predecessor-version":[{"id":632,"href":"https:\/\/naea.website\/index.php\/wp-json\/wp\/v2\/pages\/30\/revisions\/632"}],"wp:featuredmedia":[{"embeddable":true,"href":"https:\/\/naea.website\/index.php\/wp-json\/wp\/v2\/media\/196"}],"wp:attachment":[{"href":"https:\/\/naea.website\/index.php\/wp-json\/wp\/v2\/media?parent=30"}],"curies":[{"name":"wp","href":"https:\/\/api.w.org\/{rel}","templated":true}]}}