{"id":281,"date":"2023-06-22T15:19:53","date_gmt":"2023-06-22T18:19:53","guid":{"rendered":"https:\/\/naea.website\/?page_id=281"},"modified":"2023-06-22T15:33:31","modified_gmt":"2023-06-22T18:33:31","slug":"enanpur-encontro-nacional-da-associacao-nacional-de-pos-graduacao-e-pesquisa-em-planejamento-urbano-e-regional","status":"publish","type":"page","link":"https:\/\/naea.website\/index.php\/enanpur-encontro-nacional-da-associacao-nacional-de-pos-graduacao-e-pesquisa-em-planejamento-urbano-e-regional\/","title":{"rendered":"ENANPUR \u2013 Encontro Nacional da Associa\u00e7\u00e3o Nacional de P\u00f3s-Gradua\u00e7\u00e3o e Pesquisa em Planejamento Urbano e Regional"},"content":{"rendered":"\n<div class=\"wp-block-columns is-layout-flex wp-container-4 wp-block-columns-is-layout-flex\">\n<div class=\"wp-block-column is-layout-flow wp-block-column-is-layout-flow\">\n<figure class=\"wp-block-image size-large\"><img decoding=\"async\" loading=\"lazy\" width=\"1024\" height=\"683\" src=\"https:\/\/naea.website\/wp-content\/uploads\/2023\/06\/MG_3834-1024x683.jpg\" alt=\"\" class=\"wp-image-284\" srcset=\"https:\/\/naea.website\/wp-content\/uploads\/2023\/06\/MG_3834-1024x683.jpg 1024w, https:\/\/naea.website\/wp-content\/uploads\/2023\/06\/MG_3834-300x200.jpg 300w, https:\/\/naea.website\/wp-content\/uploads\/2023\/06\/MG_3834-768x512.jpg 768w, https:\/\/naea.website\/wp-content\/uploads\/2023\/06\/MG_3834-1536x1024.jpg 1536w, https:\/\/naea.website\/wp-content\/uploads\/2023\/06\/MG_3834-2048x1365.jpg 2048w, https:\/\/naea.website\/wp-content\/uploads\/2023\/06\/MG_3834-570x380.jpg 570w, https:\/\/naea.website\/wp-content\/uploads\/2023\/06\/MG_3834-380x254.jpg 380w, https:\/\/naea.website\/wp-content\/uploads\/2023\/06\/MG_3834-285x190.jpg 285w\" sizes=\"(max-width: 1024px) 100vw, 1024px\" \/><\/figure>\n<\/div>\n\n\n\n<div class=\"wp-block-column is-layout-flow wp-block-column-is-layout-flow\">\n<figure class=\"wp-block-image size-large\"><img decoding=\"async\" loading=\"lazy\" width=\"1024\" height=\"683\" src=\"https:\/\/naea.website\/wp-content\/uploads\/2023\/06\/MG_3832-1024x683.jpg\" alt=\"\" class=\"wp-image-285\" srcset=\"https:\/\/naea.website\/wp-content\/uploads\/2023\/06\/MG_3832-1024x683.jpg 1024w, https:\/\/naea.website\/wp-content\/uploads\/2023\/06\/MG_3832-300x200.jpg 300w, https:\/\/naea.website\/wp-content\/uploads\/2023\/06\/MG_3832-768x512.jpg 768w, https:\/\/naea.website\/wp-content\/uploads\/2023\/06\/MG_3832-1536x1024.jpg 1536w, https:\/\/naea.website\/wp-content\/uploads\/2023\/06\/MG_3832-2048x1365.jpg 2048w, https:\/\/naea.website\/wp-content\/uploads\/2023\/06\/MG_3832-570x380.jpg 570w, https:\/\/naea.website\/wp-content\/uploads\/2023\/06\/MG_3832-380x254.jpg 380w, https:\/\/naea.website\/wp-content\/uploads\/2023\/06\/MG_3832-285x190.jpg 285w\" sizes=\"(max-width: 1024px) 100vw, 1024px\" \/><\/figure>\n<\/div>\n\n\n\n<div class=\"wp-block-column is-layout-flow wp-block-column-is-layout-flow\">\n<figure class=\"wp-block-image size-large\"><img decoding=\"async\" loading=\"lazy\" width=\"1024\" height=\"683\" src=\"https:\/\/naea.website\/wp-content\/uploads\/2023\/06\/MG_3816-1024x683.jpg\" alt=\"\" class=\"wp-image-286\" srcset=\"https:\/\/naea.website\/wp-content\/uploads\/2023\/06\/MG_3816-1024x683.jpg 1024w, https:\/\/naea.website\/wp-content\/uploads\/2023\/06\/MG_3816-300x200.jpg 300w, https:\/\/naea.website\/wp-content\/uploads\/2023\/06\/MG_3816-768x512.jpg 768w, https:\/\/naea.website\/wp-content\/uploads\/2023\/06\/MG_3816-1536x1024.jpg 1536w, https:\/\/naea.website\/wp-content\/uploads\/2023\/06\/MG_3816-2048x1365.jpg 2048w, https:\/\/naea.website\/wp-content\/uploads\/2023\/06\/MG_3816-570x380.jpg 570w, https:\/\/naea.website\/wp-content\/uploads\/2023\/06\/MG_3816-380x254.jpg 380w, https:\/\/naea.website\/wp-content\/uploads\/2023\/06\/MG_3816-285x190.jpg 285w\" sizes=\"(max-width: 1024px) 100vw, 1024px\" \/><\/figure>\n<\/div>\n<\/div>\n\n\n\n<div class=\"wp-block-columns is-layout-flex wp-container-8 wp-block-columns-is-layout-flex\">\n<div class=\"wp-block-column is-layout-flow wp-block-column-is-layout-flow\">\n<figure class=\"wp-block-image size-large\"><img decoding=\"async\" loading=\"lazy\" width=\"1024\" height=\"683\" src=\"https:\/\/naea.website\/wp-content\/uploads\/2023\/06\/MG_3814-1024x683.jpg\" alt=\"\" class=\"wp-image-287\" srcset=\"https:\/\/naea.website\/wp-content\/uploads\/2023\/06\/MG_3814-1024x683.jpg 1024w, https:\/\/naea.website\/wp-content\/uploads\/2023\/06\/MG_3814-300x200.jpg 300w, https:\/\/naea.website\/wp-content\/uploads\/2023\/06\/MG_3814-768x512.jpg 768w, https:\/\/naea.website\/wp-content\/uploads\/2023\/06\/MG_3814-1536x1024.jpg 1536w, https:\/\/naea.website\/wp-content\/uploads\/2023\/06\/MG_3814-2048x1365.jpg 2048w, https:\/\/naea.website\/wp-content\/uploads\/2023\/06\/MG_3814-570x380.jpg 570w, https:\/\/naea.website\/wp-content\/uploads\/2023\/06\/MG_3814-380x254.jpg 380w, https:\/\/naea.website\/wp-content\/uploads\/2023\/06\/MG_3814-285x190.jpg 285w\" sizes=\"(max-width: 1024px) 100vw, 1024px\" \/><\/figure>\n<\/div>\n\n\n\n<div class=\"wp-block-column is-layout-flow wp-block-column-is-layout-flow\">\n<figure class=\"wp-block-image size-large\"><img decoding=\"async\" loading=\"lazy\" width=\"1024\" height=\"683\" src=\"https:\/\/naea.website\/wp-content\/uploads\/2023\/06\/MG_3788-1024x683.jpg\" alt=\"\" class=\"wp-image-288\" srcset=\"https:\/\/naea.website\/wp-content\/uploads\/2023\/06\/MG_3788-1024x683.jpg 1024w, https:\/\/naea.website\/wp-content\/uploads\/2023\/06\/MG_3788-300x200.jpg 300w, https:\/\/naea.website\/wp-content\/uploads\/2023\/06\/MG_3788-768x512.jpg 768w, https:\/\/naea.website\/wp-content\/uploads\/2023\/06\/MG_3788-1536x1024.jpg 1536w, https:\/\/naea.website\/wp-content\/uploads\/2023\/06\/MG_3788-2048x1365.jpg 2048w, https:\/\/naea.website\/wp-content\/uploads\/2023\/06\/MG_3788-570x380.jpg 570w, https:\/\/naea.website\/wp-content\/uploads\/2023\/06\/MG_3788-380x254.jpg 380w, https:\/\/naea.website\/wp-content\/uploads\/2023\/06\/MG_3788-285x190.jpg 285w\" sizes=\"(max-width: 1024px) 100vw, 1024px\" \/><\/figure>\n<\/div>\n\n\n\n<div class=\"wp-block-column is-layout-flow wp-block-column-is-layout-flow\">\n<figure class=\"wp-block-image size-large\"><img decoding=\"async\" loading=\"lazy\" width=\"1024\" height=\"683\" src=\"https:\/\/naea.website\/wp-content\/uploads\/2023\/06\/MG_3736-1024x683.jpg\" alt=\"\" class=\"wp-image-289\" srcset=\"https:\/\/naea.website\/wp-content\/uploads\/2023\/06\/MG_3736-1024x683.jpg 1024w, https:\/\/naea.website\/wp-content\/uploads\/2023\/06\/MG_3736-300x200.jpg 300w, https:\/\/naea.website\/wp-content\/uploads\/2023\/06\/MG_3736-768x512.jpg 768w, https:\/\/naea.website\/wp-content\/uploads\/2023\/06\/MG_3736-1536x1024.jpg 1536w, https:\/\/naea.website\/wp-content\/uploads\/2023\/06\/MG_3736-2048x1365.jpg 2048w, https:\/\/naea.website\/wp-content\/uploads\/2023\/06\/MG_3736-570x380.jpg 570w, https:\/\/naea.website\/wp-content\/uploads\/2023\/06\/MG_3736-380x254.jpg 380w, https:\/\/naea.website\/wp-content\/uploads\/2023\/06\/MG_3736-285x190.jpg 285w\" sizes=\"(max-width: 1024px) 100vw, 1024px\" \/><\/figure>\n<\/div>\n<\/div>\n\n\n\n<div class=\"wp-block-columns is-layout-flex wp-container-12 wp-block-columns-is-layout-flex\">\n<div class=\"wp-block-column is-layout-flow wp-block-column-is-layout-flow\">\n<figure class=\"wp-block-image size-large\"><img decoding=\"async\" loading=\"lazy\" width=\"1024\" height=\"683\" src=\"https:\/\/naea.website\/wp-content\/uploads\/2023\/06\/MG_3728-1024x683.jpg\" alt=\"\" class=\"wp-image-290\" srcset=\"https:\/\/naea.website\/wp-content\/uploads\/2023\/06\/MG_3728-1024x683.jpg 1024w, https:\/\/naea.website\/wp-content\/uploads\/2023\/06\/MG_3728-300x200.jpg 300w, https:\/\/naea.website\/wp-content\/uploads\/2023\/06\/MG_3728-768x512.jpg 768w, https:\/\/naea.website\/wp-content\/uploads\/2023\/06\/MG_3728-1536x1024.jpg 1536w, https:\/\/naea.website\/wp-content\/uploads\/2023\/06\/MG_3728-2048x1365.jpg 2048w, https:\/\/naea.website\/wp-content\/uploads\/2023\/06\/MG_3728-570x380.jpg 570w, https:\/\/naea.website\/wp-content\/uploads\/2023\/06\/MG_3728-380x254.jpg 380w, https:\/\/naea.website\/wp-content\/uploads\/2023\/06\/MG_3728-285x190.jpg 285w\" sizes=\"(max-width: 1024px) 100vw, 1024px\" \/><\/figure>\n<\/div>\n\n\n\n<div class=\"wp-block-column is-layout-flow wp-block-column-is-layout-flow\">\n<figure class=\"wp-block-image size-large\"><img decoding=\"async\" loading=\"lazy\" width=\"1024\" height=\"683\" src=\"https:\/\/naea.website\/wp-content\/uploads\/2023\/06\/MG_3657-1024x683.jpg\" alt=\"\" class=\"wp-image-291\" srcset=\"https:\/\/naea.website\/wp-content\/uploads\/2023\/06\/MG_3657-1024x683.jpg 1024w, https:\/\/naea.website\/wp-content\/uploads\/2023\/06\/MG_3657-300x200.jpg 300w, https:\/\/naea.website\/wp-content\/uploads\/2023\/06\/MG_3657-768x512.jpg 768w, https:\/\/naea.website\/wp-content\/uploads\/2023\/06\/MG_3657-1536x1024.jpg 1536w, https:\/\/naea.website\/wp-content\/uploads\/2023\/06\/MG_3657-2048x1365.jpg 2048w, https:\/\/naea.website\/wp-content\/uploads\/2023\/06\/MG_3657-570x380.jpg 570w, https:\/\/naea.website\/wp-content\/uploads\/2023\/06\/MG_3657-380x254.jpg 380w, https:\/\/naea.website\/wp-content\/uploads\/2023\/06\/MG_3657-285x190.jpg 285w\" sizes=\"(max-width: 1024px) 100vw, 1024px\" \/><\/figure>\n<\/div>\n\n\n\n<div class=\"wp-block-column is-layout-flow wp-block-column-is-layout-flow\">\n<figure class=\"wp-block-image size-large\"><img decoding=\"async\" loading=\"lazy\" width=\"1024\" height=\"683\" src=\"https:\/\/naea.website\/wp-content\/uploads\/2023\/06\/MG_3652-1024x683.jpg\" alt=\"\" class=\"wp-image-292\" srcset=\"https:\/\/naea.website\/wp-content\/uploads\/2023\/06\/MG_3652-1024x683.jpg 1024w, https:\/\/naea.website\/wp-content\/uploads\/2023\/06\/MG_3652-300x200.jpg 300w, https:\/\/naea.website\/wp-content\/uploads\/2023\/06\/MG_3652-768x512.jpg 768w, https:\/\/naea.website\/wp-content\/uploads\/2023\/06\/MG_3652-1536x1024.jpg 1536w, https:\/\/naea.website\/wp-content\/uploads\/2023\/06\/MG_3652-2048x1365.jpg 2048w, https:\/\/naea.website\/wp-content\/uploads\/2023\/06\/MG_3652-570x380.jpg 570w, https:\/\/naea.website\/wp-content\/uploads\/2023\/06\/MG_3652-380x254.jpg 380w, https:\/\/naea.website\/wp-content\/uploads\/2023\/06\/MG_3652-285x190.jpg 285w\" sizes=\"(max-width: 1024px) 100vw, 1024px\" \/><\/figure>\n<\/div>\n<\/div>\n\n\n\n<div class=\"wp-block-columns is-layout-flex wp-container-16 wp-block-columns-is-layout-flex\">\n<div class=\"wp-block-column is-layout-flow wp-block-column-is-layout-flow\">\n<figure class=\"wp-block-image size-large\"><img decoding=\"async\" loading=\"lazy\" width=\"1024\" height=\"683\" src=\"https:\/\/naea.website\/wp-content\/uploads\/2023\/06\/MG_3620-1024x683.jpg\" alt=\"\" class=\"wp-image-294\" srcset=\"https:\/\/naea.website\/wp-content\/uploads\/2023\/06\/MG_3620-1024x683.jpg 1024w, https:\/\/naea.website\/wp-content\/uploads\/2023\/06\/MG_3620-300x200.jpg 300w, https:\/\/naea.website\/wp-content\/uploads\/2023\/06\/MG_3620-768x512.jpg 768w, https:\/\/naea.website\/wp-content\/uploads\/2023\/06\/MG_3620-1536x1024.jpg 1536w, https:\/\/naea.website\/wp-content\/uploads\/2023\/06\/MG_3620-2048x1365.jpg 2048w, https:\/\/naea.website\/wp-content\/uploads\/2023\/06\/MG_3620-570x380.jpg 570w, https:\/\/naea.website\/wp-content\/uploads\/2023\/06\/MG_3620-380x254.jpg 380w, https:\/\/naea.website\/wp-content\/uploads\/2023\/06\/MG_3620-285x190.jpg 285w\" sizes=\"(max-width: 1024px) 100vw, 1024px\" \/><\/figure>\n<\/div>\n\n\n\n<div class=\"wp-block-column is-layout-flow wp-block-column-is-layout-flow\">\n<figure class=\"wp-block-image size-large\"><img decoding=\"async\" loading=\"lazy\" width=\"1024\" height=\"683\" src=\"https:\/\/naea.website\/wp-content\/uploads\/2023\/06\/MG_3611-1024x683.jpg\" alt=\"\" class=\"wp-image-295\" srcset=\"https:\/\/naea.website\/wp-content\/uploads\/2023\/06\/MG_3611-1024x683.jpg 1024w, https:\/\/naea.website\/wp-content\/uploads\/2023\/06\/MG_3611-300x200.jpg 300w, https:\/\/naea.website\/wp-content\/uploads\/2023\/06\/MG_3611-768x512.jpg 768w, https:\/\/naea.website\/wp-content\/uploads\/2023\/06\/MG_3611-1536x1024.jpg 1536w, https:\/\/naea.website\/wp-content\/uploads\/2023\/06\/MG_3611-2048x1365.jpg 2048w, https:\/\/naea.website\/wp-content\/uploads\/2023\/06\/MG_3611-570x380.jpg 570w, https:\/\/naea.website\/wp-content\/uploads\/2023\/06\/MG_3611-380x254.jpg 380w, https:\/\/naea.website\/wp-content\/uploads\/2023\/06\/MG_3611-285x190.jpg 285w\" sizes=\"(max-width: 1024px) 100vw, 1024px\" \/><\/figure>\n<\/div>\n\n\n\n<div class=\"wp-block-column is-layout-flow wp-block-column-is-layout-flow\">\n<figure class=\"wp-block-image size-large\"><img decoding=\"async\" loading=\"lazy\" width=\"1024\" height=\"683\" src=\"https:\/\/naea.website\/wp-content\/uploads\/2023\/06\/MG_3609-1024x683.jpg\" alt=\"\" class=\"wp-image-296\" srcset=\"https:\/\/naea.website\/wp-content\/uploads\/2023\/06\/MG_3609-1024x683.jpg 1024w, https:\/\/naea.website\/wp-content\/uploads\/2023\/06\/MG_3609-300x200.jpg 300w, https:\/\/naea.website\/wp-content\/uploads\/2023\/06\/MG_3609-768x512.jpg 768w, https:\/\/naea.website\/wp-content\/uploads\/2023\/06\/MG_3609-1536x1024.jpg 1536w, https:\/\/naea.website\/wp-content\/uploads\/2023\/06\/MG_3609-2048x1365.jpg 2048w, https:\/\/naea.website\/wp-content\/uploads\/2023\/06\/MG_3609-570x380.jpg 570w, https:\/\/naea.website\/wp-content\/uploads\/2023\/06\/MG_3609-380x254.jpg 380w, https:\/\/naea.website\/wp-content\/uploads\/2023\/06\/MG_3609-285x190.jpg 285w\" sizes=\"(max-width: 1024px) 100vw, 1024px\" \/><\/figure>\n<\/div>\n<\/div>\n\n\n\n<div class=\"wp-block-columns is-layout-flex wp-container-20 wp-block-columns-is-layout-flex\">\n<div class=\"wp-block-column is-layout-flow wp-block-column-is-layout-flow\">\n<figure class=\"wp-block-image size-large\"><img decoding=\"async\" loading=\"lazy\" width=\"1024\" height=\"683\" src=\"https:\/\/naea.website\/wp-content\/uploads\/2023\/06\/MG_3594-1024x683.jpg\" alt=\"\" class=\"wp-image-300\" srcset=\"https:\/\/naea.website\/wp-content\/uploads\/2023\/06\/MG_3594-1024x683.jpg 1024w, https:\/\/naea.website\/wp-content\/uploads\/2023\/06\/MG_3594-300x200.jpg 300w, https:\/\/naea.website\/wp-content\/uploads\/2023\/06\/MG_3594-768x512.jpg 768w, https:\/\/naea.website\/wp-content\/uploads\/2023\/06\/MG_3594-1536x1024.jpg 1536w, https:\/\/naea.website\/wp-content\/uploads\/2023\/06\/MG_3594-2048x1365.jpg 2048w, https:\/\/naea.website\/wp-content\/uploads\/2023\/06\/MG_3594-570x380.jpg 570w, https:\/\/naea.website\/wp-content\/uploads\/2023\/06\/MG_3594-380x254.jpg 380w, https:\/\/naea.website\/wp-content\/uploads\/2023\/06\/MG_3594-285x190.jpg 285w\" sizes=\"(max-width: 1024px) 100vw, 1024px\" \/><\/figure>\n<\/div>\n\n\n\n<div class=\"wp-block-column is-layout-flow wp-block-column-is-layout-flow\">\n<figure class=\"wp-block-image size-large\"><img decoding=\"async\" loading=\"lazy\" width=\"1024\" height=\"683\" src=\"https:\/\/naea.website\/wp-content\/uploads\/2023\/06\/MG_3575-1024x683.jpg\" alt=\"\" class=\"wp-image-298\" srcset=\"https:\/\/naea.website\/wp-content\/uploads\/2023\/06\/MG_3575-1024x683.jpg 1024w, https:\/\/naea.website\/wp-content\/uploads\/2023\/06\/MG_3575-300x200.jpg 300w, https:\/\/naea.website\/wp-content\/uploads\/2023\/06\/MG_3575-768x512.jpg 768w, https:\/\/naea.website\/wp-content\/uploads\/2023\/06\/MG_3575-1536x1024.jpg 1536w, https:\/\/naea.website\/wp-content\/uploads\/2023\/06\/MG_3575-2048x1365.jpg 2048w, https:\/\/naea.website\/wp-content\/uploads\/2023\/06\/MG_3575-570x380.jpg 570w, https:\/\/naea.website\/wp-content\/uploads\/2023\/06\/MG_3575-380x254.jpg 380w, https:\/\/naea.website\/wp-content\/uploads\/2023\/06\/MG_3575-285x190.jpg 285w\" sizes=\"(max-width: 1024px) 100vw, 1024px\" \/><\/figure>\n<\/div>\n\n\n\n<div class=\"wp-block-column is-layout-flow wp-block-column-is-layout-flow\">\n<figure class=\"wp-block-image size-large\"><img decoding=\"async\" loading=\"lazy\" width=\"1024\" height=\"683\" src=\"https:\/\/naea.website\/wp-content\/uploads\/2023\/06\/MG_3569-1024x683.jpg\" alt=\"\" class=\"wp-image-299\" srcset=\"https:\/\/naea.website\/wp-content\/uploads\/2023\/06\/MG_3569-1024x683.jpg 1024w, https:\/\/naea.website\/wp-content\/uploads\/2023\/06\/MG_3569-300x200.jpg 300w, https:\/\/naea.website\/wp-content\/uploads\/2023\/06\/MG_3569-768x512.jpg 768w, https:\/\/naea.website\/wp-content\/uploads\/2023\/06\/MG_3569-1536x1024.jpg 1536w, https:\/\/naea.website\/wp-content\/uploads\/2023\/06\/MG_3569-2048x1365.jpg 2048w, https:\/\/naea.website\/wp-content\/uploads\/2023\/06\/MG_3569-570x380.jpg 570w, https:\/\/naea.website\/wp-content\/uploads\/2023\/06\/MG_3569-380x254.jpg 380w, https:\/\/naea.website\/wp-content\/uploads\/2023\/06\/MG_3569-285x190.jpg 285w\" sizes=\"(max-width: 1024px) 100vw, 1024px\" \/><\/figure>\n<\/div>\n<\/div>\n\n\n\n<div class=\"wp-block-columns is-layout-flex wp-container-24 wp-block-columns-is-layout-flex\">\n<div class=\"wp-block-column is-layout-flow wp-block-column-is-layout-flow\">\n<figure class=\"wp-block-image size-large\"><img decoding=\"async\" loading=\"lazy\" width=\"1024\" height=\"683\" src=\"https:\/\/naea.website\/wp-content\/uploads\/2023\/06\/MG_3551-1024x683.jpg\" alt=\"\" class=\"wp-image-301\" srcset=\"https:\/\/naea.website\/wp-content\/uploads\/2023\/06\/MG_3551-1024x683.jpg 1024w, https:\/\/naea.website\/wp-content\/uploads\/2023\/06\/MG_3551-300x200.jpg 300w, https:\/\/naea.website\/wp-content\/uploads\/2023\/06\/MG_3551-768x512.jpg 768w, https:\/\/naea.website\/wp-content\/uploads\/2023\/06\/MG_3551-1536x1024.jpg 1536w, https:\/\/naea.website\/wp-content\/uploads\/2023\/06\/MG_3551-2048x1365.jpg 2048w, https:\/\/naea.website\/wp-content\/uploads\/2023\/06\/MG_3551-570x380.jpg 570w, https:\/\/naea.website\/wp-content\/uploads\/2023\/06\/MG_3551-380x254.jpg 380w, https:\/\/naea.website\/wp-content\/uploads\/2023\/06\/MG_3551-285x190.jpg 285w\" sizes=\"(max-width: 1024px) 100vw, 1024px\" \/><\/figure>\n<\/div>\n\n\n\n<div class=\"wp-block-column is-layout-flow wp-block-column-is-layout-flow\">\n<figure class=\"wp-block-image size-large\"><img decoding=\"async\" loading=\"lazy\" width=\"1024\" height=\"683\" src=\"https:\/\/naea.website\/wp-content\/uploads\/2023\/06\/MG_3530-1024x683.jpg\" alt=\"\" class=\"wp-image-302\" srcset=\"https:\/\/naea.website\/wp-content\/uploads\/2023\/06\/MG_3530-1024x683.jpg 1024w, https:\/\/naea.website\/wp-content\/uploads\/2023\/06\/MG_3530-300x200.jpg 300w, https:\/\/naea.website\/wp-content\/uploads\/2023\/06\/MG_3530-768x512.jpg 768w, https:\/\/naea.website\/wp-content\/uploads\/2023\/06\/MG_3530-1536x1024.jpg 1536w, https:\/\/naea.website\/wp-content\/uploads\/2023\/06\/MG_3530-2048x1365.jpg 2048w, https:\/\/naea.website\/wp-content\/uploads\/2023\/06\/MG_3530-570x380.jpg 570w, https:\/\/naea.website\/wp-content\/uploads\/2023\/06\/MG_3530-380x254.jpg 380w, https:\/\/naea.website\/wp-content\/uploads\/2023\/06\/MG_3530-285x190.jpg 285w\" sizes=\"(max-width: 1024px) 100vw, 1024px\" \/><\/figure>\n<\/div>\n\n\n\n<div class=\"wp-block-column is-layout-flow wp-block-column-is-layout-flow\">\n<figure class=\"wp-block-image size-large\"><img decoding=\"async\" loading=\"lazy\" width=\"1024\" height=\"683\" src=\"https:\/\/naea.website\/wp-content\/uploads\/2023\/06\/MG_3527-1024x683.jpg\" alt=\"\" class=\"wp-image-303\" srcset=\"https:\/\/naea.website\/wp-content\/uploads\/2023\/06\/MG_3527-1024x683.jpg 1024w, https:\/\/naea.website\/wp-content\/uploads\/2023\/06\/MG_3527-300x200.jpg 300w, https:\/\/naea.website\/wp-content\/uploads\/2023\/06\/MG_3527-768x512.jpg 768w, https:\/\/naea.website\/wp-content\/uploads\/2023\/06\/MG_3527-1536x1024.jpg 1536w, https:\/\/naea.website\/wp-content\/uploads\/2023\/06\/MG_3527-2048x1365.jpg 2048w, https:\/\/naea.website\/wp-content\/uploads\/2023\/06\/MG_3527-570x380.jpg 570w, https:\/\/naea.website\/wp-content\/uploads\/2023\/06\/MG_3527-380x254.jpg 380w, https:\/\/naea.website\/wp-content\/uploads\/2023\/06\/MG_3527-285x190.jpg 285w\" sizes=\"(max-width: 1024px) 100vw, 1024px\" \/><\/figure>\n<\/div>\n<\/div>\n\n\n\n<div class=\"wp-block-columns is-layout-flex wp-container-27 wp-block-columns-is-layout-flex\">\n<div class=\"wp-block-column is-layout-flow wp-block-column-is-layout-flow\">\n<figure class=\"wp-block-image size-large\"><img decoding=\"async\" loading=\"lazy\" width=\"1024\" height=\"683\" src=\"https:\/\/naea.website\/wp-content\/uploads\/2023\/06\/MG_3514-1024x683.jpg\" alt=\"\" class=\"wp-image-304\" srcset=\"https:\/\/naea.website\/wp-content\/uploads\/2023\/06\/MG_3514-1024x683.jpg 1024w, https:\/\/naea.website\/wp-content\/uploads\/2023\/06\/MG_3514-300x200.jpg 300w, https:\/\/naea.website\/wp-content\/uploads\/2023\/06\/MG_3514-768x512.jpg 768w, https:\/\/naea.website\/wp-content\/uploads\/2023\/06\/MG_3514-1536x1024.jpg 1536w, https:\/\/naea.website\/wp-content\/uploads\/2023\/06\/MG_3514-2048x1365.jpg 2048w, https:\/\/naea.website\/wp-content\/uploads\/2023\/06\/MG_3514-570x380.jpg 570w, https:\/\/naea.website\/wp-content\/uploads\/2023\/06\/MG_3514-380x254.jpg 380w, https:\/\/naea.website\/wp-content\/uploads\/2023\/06\/MG_3514-285x190.jpg 285w\" sizes=\"(max-width: 1024px) 100vw, 1024px\" \/><\/figure>\n<\/div>\n\n\n\n<div class=\"wp-block-column is-layout-flow wp-block-column-is-layout-flow\">\n<figure class=\"wp-block-image size-large\"><img decoding=\"async\" loading=\"lazy\" width=\"1024\" height=\"683\" src=\"https:\/\/naea.website\/wp-content\/uploads\/2023\/06\/MG_3513-1024x683.jpg\" alt=\"\" class=\"wp-image-305\" srcset=\"https:\/\/naea.website\/wp-content\/uploads\/2023\/06\/MG_3513-1024x683.jpg 1024w, https:\/\/naea.website\/wp-content\/uploads\/2023\/06\/MG_3513-300x200.jpg 300w, https:\/\/naea.website\/wp-content\/uploads\/2023\/06\/MG_3513-768x512.jpg 768w, https:\/\/naea.website\/wp-content\/uploads\/2023\/06\/MG_3513-1536x1024.jpg 1536w, https:\/\/naea.website\/wp-content\/uploads\/2023\/06\/MG_3513-2048x1365.jpg 2048w, https:\/\/naea.website\/wp-content\/uploads\/2023\/06\/MG_3513-570x380.jpg 570w, https:\/\/naea.website\/wp-content\/uploads\/2023\/06\/MG_3513-380x254.jpg 380w, https:\/\/naea.website\/wp-content\/uploads\/2023\/06\/MG_3513-285x190.jpg 285w\" sizes=\"(max-width: 1024px) 100vw, 1024px\" \/><\/figure>\n<\/div>\n<\/div>\n\n\n\n<div class=\"wp-block-columns is-layout-flex wp-container-30 wp-block-columns-is-layout-flex\">\n<div class=\"wp-block-column is-layout-flow wp-block-column-is-layout-flow\">\n<figure class=\"wp-block-image size-large\"><img decoding=\"async\" loading=\"lazy\" width=\"1024\" height=\"683\" src=\"https:\/\/naea.website\/wp-content\/uploads\/2023\/06\/MG_3343-1024x683.jpg\" alt=\"\" class=\"wp-image-307\" srcset=\"https:\/\/naea.website\/wp-content\/uploads\/2023\/06\/MG_3343-1024x683.jpg 1024w, https:\/\/naea.website\/wp-content\/uploads\/2023\/06\/MG_3343-300x200.jpg 300w, https:\/\/naea.website\/wp-content\/uploads\/2023\/06\/MG_3343-768x512.jpg 768w, https:\/\/naea.website\/wp-content\/uploads\/2023\/06\/MG_3343-1536x1024.jpg 1536w, https:\/\/naea.website\/wp-content\/uploads\/2023\/06\/MG_3343-2048x1365.jpg 2048w, https:\/\/naea.website\/wp-content\/uploads\/2023\/06\/MG_3343-570x380.jpg 570w, https:\/\/naea.website\/wp-content\/uploads\/2023\/06\/MG_3343-380x254.jpg 380w, https:\/\/naea.website\/wp-content\/uploads\/2023\/06\/MG_3343-285x190.jpg 285w\" sizes=\"(max-width: 1024px) 100vw, 1024px\" \/><\/figure>\n<\/div>\n\n\n\n<div class=\"wp-block-column is-layout-flow wp-block-column-is-layout-flow\">\n<figure class=\"wp-block-image size-large\"><img decoding=\"async\" loading=\"lazy\" width=\"1024\" height=\"683\" src=\"https:\/\/naea.website\/wp-content\/uploads\/2023\/06\/MG_3493-1-1024x683.jpg\" alt=\"\" class=\"wp-image-308\" srcset=\"https:\/\/naea.website\/wp-content\/uploads\/2023\/06\/MG_3493-1-1024x683.jpg 1024w, https:\/\/naea.website\/wp-content\/uploads\/2023\/06\/MG_3493-1-300x200.jpg 300w, https:\/\/naea.website\/wp-content\/uploads\/2023\/06\/MG_3493-1-768x512.jpg 768w, https:\/\/naea.website\/wp-content\/uploads\/2023\/06\/MG_3493-1-1536x1024.jpg 1536w, https:\/\/naea.website\/wp-content\/uploads\/2023\/06\/MG_3493-1-2048x1365.jpg 2048w, https:\/\/naea.website\/wp-content\/uploads\/2023\/06\/MG_3493-1-570x380.jpg 570w, https:\/\/naea.website\/wp-content\/uploads\/2023\/06\/MG_3493-1-380x254.jpg 380w, https:\/\/naea.website\/wp-content\/uploads\/2023\/06\/MG_3493-1-285x190.jpg 285w\" sizes=\"(max-width: 1024px) 100vw, 1024px\" \/><\/figure>\n<\/div>\n<\/div>\n","protected":false},"excerpt":{"rendered":"","protected":false},"author":1,"featured_media":0,"parent":0,"menu_order":0,"comment_status":"closed","ping_status":"closed","template":"","meta":{"footnotes":""},"_links":{"self":[{"href":"https:\/\/naea.website\/index.php\/wp-json\/wp\/v2\/pages\/281"}],"collection":[{"href":"https:\/\/naea.website\/index.php\/wp-json\/wp\/v2\/pages"}],"about":[{"href":"https:\/\/naea.website\/index.php\/wp-json\/wp\/v2\/types\/page"}],"author":[{"embeddable":true,"href":"https:\/\/naea.website\/index.php\/wp-json\/wp\/v2\/users\/1"}],"replies":[{"embeddable":true,"href":"https:\/\/naea.website\/index.php\/wp-json\/wp\/v2\/comments?post=281"}],"version-history":[{"count":2,"href":"https:\/\/naea.website\/index.php\/wp-json\/wp\/v2\/pages\/281\/revisions"}],"predecessor-version":[{"id":309,"href":"https:\/\/naea.website\/index.php\/wp-json\/wp\/v2\/pages\/281\/revisions\/309"}],"wp:attachment":[{"href":"https:\/\/naea.website\/index.php\/wp-json\/wp\/v2\/media?parent=281"}],"curies":[{"name":"wp","href":"https:\/\/api.w.org\/{rel}","templated":true}]}}