{"id":266,"date":"2023-04-28T17:03:19","date_gmt":"2023-04-28T20:03:19","guid":{"rendered":"https:\/\/naea.website\/?page_id=266"},"modified":"2023-04-28T17:03:20","modified_gmt":"2023-04-28T20:03:20","slug":"lancamento-do-livro-regularizacao-fundiaria-urbana-na-amazonia-legal-morar-conviver-preservar","status":"publish","type":"page","link":"https:\/\/naea.website\/index.php\/lancamento-do-livro-regularizacao-fundiaria-urbana-na-amazonia-legal-morar-conviver-preservar\/","title":{"rendered":"Lan\u00e7amento do Livro Regulariza\u00e7\u00e3o Fundi\u00e1ria Urbana na Amaz\u00f4nia Legal: Morar, conviver, preservar"},"content":{"rendered":"\n<div class=\"wp-block-columns is-layout-flex wp-container-4 wp-block-columns-is-layout-flex\">\n<div class=\"wp-block-column is-layout-flow wp-block-column-is-layout-flow\"><\/div>\n\n\n\n<div class=\"wp-block-column is-layout-flow wp-block-column-is-layout-flow\"><\/div>\n\n\n\n<div class=\"wp-block-column is-layout-flow wp-block-column-is-layout-flow\"><\/div>\n<\/div>\n","protected":false},"excerpt":{"rendered":"","protected":false},"author":1,"featured_media":0,"parent":0,"menu_order":0,"comment_status":"closed","ping_status":"closed","template":"","meta":{"footnotes":""},"_links":{"self":[{"href":"https:\/\/naea.website\/index.php\/wp-json\/wp\/v2\/pages\/266"}],"collection":[{"href":"https:\/\/naea.website\/index.php\/wp-json\/wp\/v2\/pages"}],"about":[{"href":"https:\/\/naea.website\/index.php\/wp-json\/wp\/v2\/types\/page"}],"author":[{"embeddable":true,"href":"https:\/\/naea.website\/index.php\/wp-json\/wp\/v2\/users\/1"}],"replies":[{"embeddable":true,"href":"https:\/\/naea.website\/index.php\/wp-json\/wp\/v2\/comments?post=266"}],"version-history":[{"count":1,"href":"https:\/\/naea.website\/index.php\/wp-json\/wp\/v2\/pages\/266\/revisions"}],"predecessor-version":[{"id":267,"href":"https:\/\/naea.website\/index.php\/wp-json\/wp\/v2\/pages\/266\/revisions\/267"}],"wp:attachment":[{"href":"https:\/\/naea.website\/index.php\/wp-json\/wp\/v2\/media?parent=266"}],"curies":[{"name":"wp","href":"https:\/\/api.w.org\/{rel}","templated":true}]}}