{"id":258,"date":"2023-04-28T17:00:12","date_gmt":"2023-04-28T20:00:12","guid":{"rendered":"https:\/\/naea.website\/?page_id=258"},"modified":"2023-04-28T17:01:47","modified_gmt":"2023-04-28T20:01:47","slug":"seminario-dadesa-por-uma-economia-substantiva-do-bioma-amazonia-reflexoes-sobre-o-desenvolvimento-regional-na-amazonia-do-seculo-xxi","status":"publish","type":"page","link":"https:\/\/naea.website\/index.php\/seminario-dadesa-por-uma-economia-substantiva-do-bioma-amazonia-reflexoes-sobre-o-desenvolvimento-regional-na-amazonia-do-seculo-xxi\/","title":{"rendered":"Semin\u00e1rio DADESA &#8211; Por uma economia substantiva do Bioma Amaz\u00f4nia: Reflex\u00f5es sobre o Desenvolvimento Regional na Amaz\u00f4nia do S\u00e9culo XXI"},"content":{"rendered":"\n<div class=\"wp-block-columns is-layout-flex wp-container-4 wp-block-columns-is-layout-flex\">\n<div class=\"wp-block-column is-layout-flow wp-block-column-is-layout-flow\">\n<figure class=\"wp-block-image size-large\"><img decoding=\"async\" loading=\"lazy\" width=\"1024\" height=\"487\" src=\"https:\/\/naea.website\/wp-content\/uploads\/2023\/04\/IMG_20230418_145154309-1024x487.jpg\" alt=\"\" class=\"wp-image-259\" srcset=\"https:\/\/naea.website\/wp-content\/uploads\/2023\/04\/IMG_20230418_145154309-1024x487.jpg 1024w, https:\/\/naea.website\/wp-content\/uploads\/2023\/04\/IMG_20230418_145154309-300x143.jpg 300w, https:\/\/naea.website\/wp-content\/uploads\/2023\/04\/IMG_20230418_145154309-768x366.jpg 768w, https:\/\/naea.website\/wp-content\/uploads\/2023\/04\/IMG_20230418_145154309-1536x731.jpg 1536w, https:\/\/naea.website\/wp-content\/uploads\/2023\/04\/IMG_20230418_145154309-2048x975.jpg 2048w\" sizes=\"(max-width: 1024px) 100vw, 1024px\" \/><\/figure>\n<\/div>\n\n\n\n<div class=\"wp-block-column is-layout-flow wp-block-column-is-layout-flow\">\n<figure class=\"wp-block-image size-large\"><img decoding=\"async\" loading=\"lazy\" width=\"1024\" height=\"487\" src=\"https:\/\/naea.website\/wp-content\/uploads\/2023\/04\/IMG_20230418_145124142-1024x487.jpg\" alt=\"\" class=\"wp-image-260\" srcset=\"https:\/\/naea.website\/wp-content\/uploads\/2023\/04\/IMG_20230418_145124142-1024x487.jpg 1024w, https:\/\/naea.website\/wp-content\/uploads\/2023\/04\/IMG_20230418_145124142-300x143.jpg 300w, https:\/\/naea.website\/wp-content\/uploads\/2023\/04\/IMG_20230418_145124142-768x366.jpg 768w, https:\/\/naea.website\/wp-content\/uploads\/2023\/04\/IMG_20230418_145124142-1536x731.jpg 1536w, https:\/\/naea.website\/wp-content\/uploads\/2023\/04\/IMG_20230418_145124142-2048x975.jpg 2048w\" sizes=\"(max-width: 1024px) 100vw, 1024px\" \/><\/figure>\n<\/div>\n\n\n\n<div class=\"wp-block-column is-layout-flow wp-block-column-is-layout-flow\">\n<figure class=\"wp-block-image size-large\"><img decoding=\"async\" loading=\"lazy\" width=\"1024\" height=\"487\" src=\"https:\/\/naea.website\/wp-content\/uploads\/2023\/04\/IMG_20230418_145125036-1024x487.jpg\" alt=\"\" class=\"wp-image-261\" srcset=\"https:\/\/naea.website\/wp-content\/uploads\/2023\/04\/IMG_20230418_145125036-1024x487.jpg 1024w, https:\/\/naea.website\/wp-content\/uploads\/2023\/04\/IMG_20230418_145125036-300x143.jpg 300w, https:\/\/naea.website\/wp-content\/uploads\/2023\/04\/IMG_20230418_145125036-768x366.jpg 768w, https:\/\/naea.website\/wp-content\/uploads\/2023\/04\/IMG_20230418_145125036-1536x731.jpg 1536w, https:\/\/naea.website\/wp-content\/uploads\/2023\/04\/IMG_20230418_145125036-2048x975.jpg 2048w\" sizes=\"(max-width: 1024px) 100vw, 1024px\" \/><\/figure>\n<\/div>\n<\/div>\n\n\n\n<div class=\"wp-block-columns is-layout-flex wp-container-8 wp-block-columns-is-layout-flex\">\n<div class=\"wp-block-column is-layout-flow wp-block-column-is-layout-flow\">\n<figure class=\"wp-block-image size-large\"><img decoding=\"async\" loading=\"lazy\" width=\"1024\" height=\"487\" src=\"https:\/\/naea.website\/wp-content\/uploads\/2023\/04\/IMG_20230419_170933932-1024x487.jpg\" alt=\"\" class=\"wp-image-262\" srcset=\"https:\/\/naea.website\/wp-content\/uploads\/2023\/04\/IMG_20230419_170933932-1024x487.jpg 1024w, https:\/\/naea.website\/wp-content\/uploads\/2023\/04\/IMG_20230419_170933932-300x143.jpg 300w, https:\/\/naea.website\/wp-content\/uploads\/2023\/04\/IMG_20230419_170933932-768x366.jpg 768w, https:\/\/naea.website\/wp-content\/uploads\/2023\/04\/IMG_20230419_170933932-1536x731.jpg 1536w, https:\/\/naea.website\/wp-content\/uploads\/2023\/04\/IMG_20230419_170933932-2048x975.jpg 2048w\" sizes=\"(max-width: 1024px) 100vw, 1024px\" \/><\/figure>\n<\/div>\n\n\n\n<div class=\"wp-block-column is-layout-flow wp-block-column-is-layout-flow\"><\/div>\n\n\n\n<div class=\"wp-block-column is-layout-flow wp-block-column-is-layout-flow\"><\/div>\n<\/div>\n","protected":false},"excerpt":{"rendered":"","protected":false},"author":1,"featured_media":0,"parent":0,"menu_order":0,"comment_status":"closed","ping_status":"closed","template":"","meta":{"footnotes":""},"_links":{"self":[{"href":"https:\/\/naea.website\/index.php\/wp-json\/wp\/v2\/pages\/258"}],"collection":[{"href":"https:\/\/naea.website\/index.php\/wp-json\/wp\/v2\/pages"}],"about":[{"href":"https:\/\/naea.website\/index.php\/wp-json\/wp\/v2\/types\/page"}],"author":[{"embeddable":true,"href":"https:\/\/naea.website\/index.php\/wp-json\/wp\/v2\/users\/1"}],"replies":[{"embeddable":true,"href":"https:\/\/naea.website\/index.php\/wp-json\/wp\/v2\/comments?post=258"}],"version-history":[{"count":1,"href":"https:\/\/naea.website\/index.php\/wp-json\/wp\/v2\/pages\/258\/revisions"}],"predecessor-version":[{"id":263,"href":"https:\/\/naea.website\/index.php\/wp-json\/wp\/v2\/pages\/258\/revisions\/263"}],"wp:attachment":[{"href":"https:\/\/naea.website\/index.php\/wp-json\/wp\/v2\/media?parent=258"}],"curies":[{"name":"wp","href":"https:\/\/api.w.org\/{rel}","templated":true}]}}