{"id":233,"date":"2023-04-28T15:38:42","date_gmt":"2023-04-28T18:38:42","guid":{"rendered":"https:\/\/naea.website\/?page_id=233"},"modified":"2023-04-28T15:38:42","modified_gmt":"2023-04-28T18:38:42","slug":"workshop-internacional-territorio-de-comunidades-tradicionais-face-as-mudancas-climaticas-debates-esituacionalidades","status":"publish","type":"page","link":"https:\/\/naea.website\/index.php\/workshop-internacional-territorio-de-comunidades-tradicionais-face-as-mudancas-climaticas-debates-esituacionalidades\/","title":{"rendered":"Workshop Internacional Territ\u00f3rio de Comunidades Tradicionais face \u00e0s Mudan\u00e7as Clim\u00e1ticas: debates eSituacionalidades"},"content":{"rendered":"\n<div class=\"wp-block-columns is-layout-flex wp-container-4 wp-block-columns-is-layout-flex\">\n<div class=\"wp-block-column is-layout-flow wp-block-column-is-layout-flow\">\n<figure class=\"wp-block-image size-large\"><img decoding=\"async\" loading=\"lazy\" width=\"1024\" height=\"1024\" src=\"https:\/\/naea.website\/wp-content\/uploads\/2023\/04\/IMG-20230425-WA0078-1024x1024.jpg\" alt=\"\" class=\"wp-image-234\" srcset=\"https:\/\/naea.website\/wp-content\/uploads\/2023\/04\/IMG-20230425-WA0078-1024x1024.jpg 1024w, https:\/\/naea.website\/wp-content\/uploads\/2023\/04\/IMG-20230425-WA0078-300x300.jpg 300w, https:\/\/naea.website\/wp-content\/uploads\/2023\/04\/IMG-20230425-WA0078-150x150.jpg 150w, https:\/\/naea.website\/wp-content\/uploads\/2023\/04\/IMG-20230425-WA0078-768x768.jpg 768w, https:\/\/naea.website\/wp-content\/uploads\/2023\/04\/IMG-20230425-WA0078.jpg 1528w\" sizes=\"(max-width: 1024px) 100vw, 1024px\" \/><\/figure>\n<\/div>\n\n\n\n<div class=\"wp-block-column is-layout-flow wp-block-column-is-layout-flow\">\n<figure class=\"wp-block-image size-large\"><img decoding=\"async\" loading=\"lazy\" width=\"1024\" height=\"1024\" src=\"https:\/\/naea.website\/wp-content\/uploads\/2023\/04\/IMG-20230425-WA0071-1024x1024.jpg\" alt=\"\" class=\"wp-image-235\" srcset=\"https:\/\/naea.website\/wp-content\/uploads\/2023\/04\/IMG-20230425-WA0071-1024x1024.jpg 1024w, https:\/\/naea.website\/wp-content\/uploads\/2023\/04\/IMG-20230425-WA0071-300x300.jpg 300w, https:\/\/naea.website\/wp-content\/uploads\/2023\/04\/IMG-20230425-WA0071-150x150.jpg 150w, https:\/\/naea.website\/wp-content\/uploads\/2023\/04\/IMG-20230425-WA0071-768x768.jpg 768w, https:\/\/naea.website\/wp-content\/uploads\/2023\/04\/IMG-20230425-WA0071.jpg 1528w\" sizes=\"(max-width: 1024px) 100vw, 1024px\" \/><\/figure>\n<\/div>\n\n\n\n<div class=\"wp-block-column is-layout-flow wp-block-column-is-layout-flow\">\n<figure class=\"wp-block-image size-large\"><img decoding=\"async\" loading=\"lazy\" width=\"1024\" height=\"1024\" src=\"https:\/\/naea.website\/wp-content\/uploads\/2023\/04\/IMG-20230425-WA0080-1024x1024.jpg\" alt=\"\" class=\"wp-image-236\" srcset=\"https:\/\/naea.website\/wp-content\/uploads\/2023\/04\/IMG-20230425-WA0080-1024x1024.jpg 1024w, https:\/\/naea.website\/wp-content\/uploads\/2023\/04\/IMG-20230425-WA0080-300x300.jpg 300w, https:\/\/naea.website\/wp-content\/uploads\/2023\/04\/IMG-20230425-WA0080-150x150.jpg 150w, https:\/\/naea.website\/wp-content\/uploads\/2023\/04\/IMG-20230425-WA0080-768x768.jpg 768w, https:\/\/naea.website\/wp-content\/uploads\/2023\/04\/IMG-20230425-WA0080.jpg 1528w\" sizes=\"(max-width: 1024px) 100vw, 1024px\" \/><\/figure>\n<\/div>\n<\/div>\n\n\n\n<div class=\"wp-block-columns is-layout-flex wp-container-8 wp-block-columns-is-layout-flex\">\n<div class=\"wp-block-column is-layout-flow wp-block-column-is-layout-flow\">\n<figure class=\"wp-block-image size-large\"><img decoding=\"async\" loading=\"lazy\" width=\"1024\" height=\"1024\" src=\"https:\/\/naea.website\/wp-content\/uploads\/2023\/04\/IMG-20230425-WA0088-1024x1024.jpg\" alt=\"\" class=\"wp-image-237\" srcset=\"https:\/\/naea.website\/wp-content\/uploads\/2023\/04\/IMG-20230425-WA0088-1024x1024.jpg 1024w, https:\/\/naea.website\/wp-content\/uploads\/2023\/04\/IMG-20230425-WA0088-300x300.jpg 300w, https:\/\/naea.website\/wp-content\/uploads\/2023\/04\/IMG-20230425-WA0088-150x150.jpg 150w, https:\/\/naea.website\/wp-content\/uploads\/2023\/04\/IMG-20230425-WA0088-768x768.jpg 768w, https:\/\/naea.website\/wp-content\/uploads\/2023\/04\/IMG-20230425-WA0088.jpg 1528w\" sizes=\"(max-width: 1024px) 100vw, 1024px\" \/><\/figure>\n<\/div>\n\n\n\n<div class=\"wp-block-column is-layout-flow wp-block-column-is-layout-flow\">\n<figure class=\"wp-block-image size-large\"><img decoding=\"async\" loading=\"lazy\" width=\"1024\" height=\"1024\" src=\"https:\/\/naea.website\/wp-content\/uploads\/2023\/04\/IMG-20230425-WA0089-1024x1024.jpg\" alt=\"\" class=\"wp-image-238\" srcset=\"https:\/\/naea.website\/wp-content\/uploads\/2023\/04\/IMG-20230425-WA0089-1024x1024.jpg 1024w, https:\/\/naea.website\/wp-content\/uploads\/2023\/04\/IMG-20230425-WA0089-300x300.jpg 300w, https:\/\/naea.website\/wp-content\/uploads\/2023\/04\/IMG-20230425-WA0089-150x150.jpg 150w, https:\/\/naea.website\/wp-content\/uploads\/2023\/04\/IMG-20230425-WA0089-768x768.jpg 768w, https:\/\/naea.website\/wp-content\/uploads\/2023\/04\/IMG-20230425-WA0089.jpg 1528w\" sizes=\"(max-width: 1024px) 100vw, 1024px\" \/><\/figure>\n<\/div>\n\n\n\n<div class=\"wp-block-column is-layout-flow wp-block-column-is-layout-flow\">\n<figure class=\"wp-block-image size-large\"><img decoding=\"async\" loading=\"lazy\" width=\"1024\" height=\"1024\" src=\"https:\/\/naea.website\/wp-content\/uploads\/2023\/04\/IMG-20230425-WA0081-1024x1024.jpg\" alt=\"\" class=\"wp-image-240\" srcset=\"https:\/\/naea.website\/wp-content\/uploads\/2023\/04\/IMG-20230425-WA0081-1024x1024.jpg 1024w, https:\/\/naea.website\/wp-content\/uploads\/2023\/04\/IMG-20230425-WA0081-300x300.jpg 300w, https:\/\/naea.website\/wp-content\/uploads\/2023\/04\/IMG-20230425-WA0081-150x150.jpg 150w, https:\/\/naea.website\/wp-content\/uploads\/2023\/04\/IMG-20230425-WA0081-768x768.jpg 768w, https:\/\/naea.website\/wp-content\/uploads\/2023\/04\/IMG-20230425-WA0081.jpg 1528w\" sizes=\"(max-width: 1024px) 100vw, 1024px\" \/><\/figure>\n<\/div>\n<\/div>\n\n\n\n<div class=\"wp-block-columns is-layout-flex wp-container-12 wp-block-columns-is-layout-flex\">\n<div class=\"wp-block-column is-layout-flow wp-block-column-is-layout-flow\">\n<figure class=\"wp-block-image size-large\"><img decoding=\"async\" loading=\"lazy\" width=\"1024\" height=\"1024\" src=\"https:\/\/naea.website\/wp-content\/uploads\/2023\/04\/IMG-20230425-WA0086-1024x1024.jpg\" alt=\"\" class=\"wp-image-241\" srcset=\"https:\/\/naea.website\/wp-content\/uploads\/2023\/04\/IMG-20230425-WA0086-1024x1024.jpg 1024w, https:\/\/naea.website\/wp-content\/uploads\/2023\/04\/IMG-20230425-WA0086-300x300.jpg 300w, https:\/\/naea.website\/wp-content\/uploads\/2023\/04\/IMG-20230425-WA0086-150x150.jpg 150w, https:\/\/naea.website\/wp-content\/uploads\/2023\/04\/IMG-20230425-WA0086-768x768.jpg 768w, https:\/\/naea.website\/wp-content\/uploads\/2023\/04\/IMG-20230425-WA0086-1536x1536.jpg 1536w, https:\/\/naea.website\/wp-content\/uploads\/2023\/04\/IMG-20230425-WA0086.jpg 1599w\" sizes=\"(max-width: 1024px) 100vw, 1024px\" \/><\/figure>\n<\/div>\n\n\n\n<div class=\"wp-block-column is-layout-flow wp-block-column-is-layout-flow\"><\/div>\n\n\n\n<div class=\"wp-block-column is-layout-flow wp-block-column-is-layout-flow\"><\/div>\n<\/div>\n","protected":false},"excerpt":{"rendered":"","protected":false},"author":1,"featured_media":0,"parent":0,"menu_order":0,"comment_status":"closed","ping_status":"closed","template":"","meta":{"footnotes":""},"_links":{"self":[{"href":"https:\/\/naea.website\/index.php\/wp-json\/wp\/v2\/pages\/233"}],"collection":[{"href":"https:\/\/naea.website\/index.php\/wp-json\/wp\/v2\/pages"}],"about":[{"href":"https:\/\/naea.website\/index.php\/wp-json\/wp\/v2\/types\/page"}],"author":[{"embeddable":true,"href":"https:\/\/naea.website\/index.php\/wp-json\/wp\/v2\/users\/1"}],"replies":[{"embeddable":true,"href":"https:\/\/naea.website\/index.php\/wp-json\/wp\/v2\/comments?post=233"}],"version-history":[{"count":1,"href":"https:\/\/naea.website\/index.php\/wp-json\/wp\/v2\/pages\/233\/revisions"}],"predecessor-version":[{"id":242,"href":"https:\/\/naea.website\/index.php\/wp-json\/wp\/v2\/pages\/233\/revisions\/242"}],"wp:attachment":[{"href":"https:\/\/naea.website\/index.php\/wp-json\/wp\/v2\/media?parent=233"}],"curies":[{"name":"wp","href":"https:\/\/api.w.org\/{rel}","templated":true}]}}